{"id":2006633,"date":"2022-01-13T08:54:49","date_gmt":"2022-01-13T07:54:49","guid":{"rendered":"https:\/\/de.tilta.com\/shop\/asa-superior-para-v-raptor-rojo\/"},"modified":"2025-12-05T13:39:01","modified_gmt":"2025-12-05T12:39:01","slug":"top-handle-for-red-v-raptor","status":"publish","type":"product","link":"https:\/\/eu.tilta.com\/es\/shop\/top-handle-for-red-v-raptor\/","title":{"rendered":"Asa superior para V-RAPTOR ROJO"},"content":{"rendered":"<p>Este asa superior se acopla tanto a la placa superior como a la placa superior delantera de la RED V-RAPTOR, lo que crea un punto de contacto seguro para manejar y operar tu c\u00e1mara, a la vez que proporciona puntos de montaje adicionales para accesorios.<\/p>\n<p>Esta empu\u00f1adura superior incorpora puntos de montaje de 1\/4&#8243;-20 y 3\/8&#8243;-16 con pasadores de fijaci\u00f3n, as\u00ed como un receptor de zapata fr\u00eda.<\/p>\n<p>Este asa se monta en nuestras placas superiores mediante cuatro tornillos de \u00bc&#8221;-20 para mejorar la seguridad, especialmente cuando se utilizan c\u00e1maras m\u00e1s pesadas.<\/p>\n<p>Este Asa tambi\u00e9n puede descomponerse en una configuraci\u00f3n m\u00e1s compacta que s\u00f3lo requiere la Placa Superior Frontal para montarse, con el fin de adaptarse mejor a las construcciones de c\u00e1maras ligeras.<\/p>\n<p>La montura de varilla de 15 mm, de nuevo dise\u00f1o, te permite montar una sola varilla de 15 mm en paralelo o perpendicular al asa superior, lo que aporta m\u00e1s flexibilidad a la hora de montar visores electr\u00f3nicos o monitores externos.<\/p>\n","protected":false},"excerpt":{"rendered":"<p>Este asa superior se acopla tanto a la placa superior como a la placa superior delantera de la RED V-RAPTOR, lo que crea un punto de contacto seguro para manejar y operar tu c\u00e1mara, a la vez que proporciona puntos [&hellip;]<\/p>\n","protected":false},"featured_media":2006634,"comment_status":"closed","ping_status":"closed","template":"","meta":[],"product_cat":[3153,2738,2762],"product_tag":[],"acf":[],"gallery_images":[2006635,2006636],"_links":{"self":[{"href":"https:\/\/eu.tilta.com\/es\/wp-json\/wp\/v2\/product\/2006633"}],"collection":[{"href":"https:\/\/eu.tilta.com\/es\/wp-json\/wp\/v2\/product"}],"about":[{"href":"https:\/\/eu.tilta.com\/es\/wp-json\/wp\/v2\/types\/product"}],"replies":[{"embeddable":true,"href":"https:\/\/eu.tilta.com\/es\/wp-json\/wp\/v2\/comments?post=2006633"}],"wp:featuredmedia":[{"embeddable":true,"href":"https:\/\/eu.tilta.com\/es\/wp-json\/wp\/v2\/media\/2006634"}],"wp:attachment":[{"href":"https:\/\/eu.tilta.com\/es\/wp-json\/wp\/v2\/media?parent=2006633"}],"wp:term":[{"taxonomy":"product_cat","embeddable":true,"href":"https:\/\/eu.tilta.com\/es\/wp-json\/wp\/v2\/product_cat?post=2006633"},{"taxonomy":"product_tag","embeddable":true,"href":"https:\/\/eu.tilta.com\/es\/wp-json\/wp\/v2\/product_tag?post=2006633"}],"curies":[{"name":"wp","href":"https:\/\/api.w.org\/{rel}","templated":true}]}}