{"id":2006648,"date":"2022-01-13T08:49:58","date_gmt":"2022-01-13T07:49:58","guid":{"rendered":"https:\/\/de.tilta.com\/shop\/extension-de-asa-superior-para-red-v-raptor-komodo-x\/"},"modified":"2025-12-05T13:39:01","modified_gmt":"2025-12-05T12:39:01","slug":"top-handle-extension-for-red-v-raptor","status":"publish","type":"product","link":"https:\/\/eu.tilta.com\/es\/shop\/top-handle-extension-for-red-v-raptor\/","title":{"rendered":"Extensi\u00f3n de asa superior para RED V-RAPTOR \/ KOMODO-X"},"content":{"rendered":"<p>Este Accesorio de Extensi\u00f3n para RED V-RAPTOR te permite extender tu Asa Superior, lo que ofrece puntos de montaje adicionales y mayor flexibilidad en el manejo.<\/p>\n<p>Esta Extensi\u00f3n incluye una secci\u00f3n extra\u00edble que ampl\u00eda a\u00fan m\u00e1s el mango si es necesario para alojar bater\u00edas m\u00e1s grandes.<\/p>\n<p>El dise\u00f1o curvado de esta extensi\u00f3n de empu\u00f1adura es una gran opci\u00f3n para ampliar las formas en que puedes manejar la c\u00e1mara, sobre todo en \u00e1ngulos bajos.<\/p>\n","protected":false},"excerpt":{"rendered":"<p>Este Accesorio de Extensi\u00f3n para RED V-RAPTOR te permite extender tu Asa Superior, lo que ofrece puntos de montaje adicionales y mayor flexibilidad en el manejo. Esta Extensi\u00f3n incluye una secci\u00f3n extra\u00edble que ampl\u00eda a\u00fan m\u00e1s el mango si es [&hellip;]<\/p>\n","protected":false},"featured_media":2006649,"comment_status":"closed","ping_status":"closed","template":"","meta":[],"product_cat":[3230,2750,2746,2738,2762],"product_tag":[],"acf":[],"gallery_images":[2006650],"_links":{"self":[{"href":"https:\/\/eu.tilta.com\/es\/wp-json\/wp\/v2\/product\/2006648"}],"collection":[{"href":"https:\/\/eu.tilta.com\/es\/wp-json\/wp\/v2\/product"}],"about":[{"href":"https:\/\/eu.tilta.com\/es\/wp-json\/wp\/v2\/types\/product"}],"replies":[{"embeddable":true,"href":"https:\/\/eu.tilta.com\/es\/wp-json\/wp\/v2\/comments?post=2006648"}],"wp:featuredmedia":[{"embeddable":true,"href":"https:\/\/eu.tilta.com\/es\/wp-json\/wp\/v2\/media\/2006649"}],"wp:attachment":[{"href":"https:\/\/eu.tilta.com\/es\/wp-json\/wp\/v2\/media?parent=2006648"}],"wp:term":[{"taxonomy":"product_cat","embeddable":true,"href":"https:\/\/eu.tilta.com\/es\/wp-json\/wp\/v2\/product_cat?post=2006648"},{"taxonomy":"product_tag","embeddable":true,"href":"https:\/\/eu.tilta.com\/es\/wp-json\/wp\/v2\/product_tag?post=2006648"}],"curies":[{"name":"wp","href":"https:\/\/api.w.org\/{rel}","templated":true}]}}