{"id":2006660,"date":"2022-01-13T08:45:39","date_gmt":"2022-01-13T07:45:39","guid":{"rendered":"https:\/\/de.tilta.com\/shop\/placa-base-lws-de-15-mm-para-red-v-raptor\/"},"modified":"2025-12-12T17:05:37","modified_gmt":"2025-12-12T16:05:37","slug":"15mm-lws-baseplate-for-red-v-raptor","status":"publish","type":"product","link":"https:\/\/eu.tilta.com\/es\/shop\/15mm-lws-baseplate-for-red-v-raptor\/","title":{"rendered":"Placa base LWS de 15 mm para RED V-RAPTOR"},"content":{"rendered":"<p>Esta placa base LWS de 15 mm a\u00f1ade soporte para varillas de 15 mm a tu RED V-RAPTOR, lo que te permite utilizar accesorios basados en varillas, como cajas de mate y sistemas de seguimiento de enfoque.<\/p>\n<p>Esta placa base se conecta de forma nativa a nuestra Jaula de c\u00e1mara completa para RED V-RAPTOR e incorpora una conexi\u00f3n de liberaci\u00f3n r\u00e1pida que te permite separar f\u00e1cilmente la c\u00e1mara de esta placa base cuando sea necesario.<\/p>\n<p>El pasador de liberaci\u00f3n de seguridad incorporado ayuda a bloquear la jaula en su sitio y proporciona seguridad adicional para garantizar que tu c\u00e1mara permanezca firmemente conectada a esta placa base.<\/p>\n<p>Debajo de esta placa base encontrar\u00e1s un receptor que se conecta de forma nativa a nuestras colas de milano est\u00e1ndar Tilta o est\u00e1ndar ARRI mediante nuestra placa base multifunci\u00f3n opcional de est\u00e1ndar Tilta a est\u00e1ndar Arri.<\/p>\n<p>Esta placa base tambi\u00e9n puede montarse en placas de liberaci\u00f3n r\u00e1pida de terceros mediante roscas de 1\/4\u2033-20 y 3\/8\u2033-16.<\/p>\n","protected":false},"excerpt":{"rendered":"<p>Esta placa base LWS de 15 mm a\u00f1ade soporte para varillas de 15 mm a tu RED V-RAPTOR, lo que te permite utilizar accesorios basados en varillas, como cajas de mate y sistemas de seguimiento de enfoque. Esta placa base [&hellip;]<\/p>\n","protected":false},"featured_media":2006661,"comment_status":"closed","ping_status":"closed","template":"","meta":[],"product_cat":[3153,2738,2877],"product_tag":[],"acf":[],"gallery_images":[2006662,2006663,2006664],"_links":{"self":[{"href":"https:\/\/eu.tilta.com\/es\/wp-json\/wp\/v2\/product\/2006660"}],"collection":[{"href":"https:\/\/eu.tilta.com\/es\/wp-json\/wp\/v2\/product"}],"about":[{"href":"https:\/\/eu.tilta.com\/es\/wp-json\/wp\/v2\/types\/product"}],"replies":[{"embeddable":true,"href":"https:\/\/eu.tilta.com\/es\/wp-json\/wp\/v2\/comments?post=2006660"}],"wp:featuredmedia":[{"embeddable":true,"href":"https:\/\/eu.tilta.com\/es\/wp-json\/wp\/v2\/media\/2006661"}],"wp:attachment":[{"href":"https:\/\/eu.tilta.com\/es\/wp-json\/wp\/v2\/media?parent=2006660"}],"wp:term":[{"taxonomy":"product_cat","embeddable":true,"href":"https:\/\/eu.tilta.com\/es\/wp-json\/wp\/v2\/product_cat?post=2006660"},{"taxonomy":"product_tag","embeddable":true,"href":"https:\/\/eu.tilta.com\/es\/wp-json\/wp\/v2\/product_tag?post=2006660"}],"curies":[{"name":"wp","href":"https:\/\/api.w.org\/{rel}","templated":true}]}}