{"id":2006675,"date":"2022-01-13T08:40:33","date_gmt":"2022-01-13T07:40:33","guid":{"rendered":"https:\/\/de.tilta.com\/shop\/placa-superior-delantera-para-red-v-raptor\/"},"modified":"2025-12-05T13:39:20","modified_gmt":"2025-12-05T12:39:20","slug":"front-top-plate-for-red-v-raptor","status":"publish","type":"product","link":"https:\/\/eu.tilta.com\/es\/shop\/front-top-plate-for-red-v-raptor\/","title":{"rendered":"Placa superior delantera para RED V-RAPTOR"},"content":{"rendered":"<p>Esta placa superior frontal para el RED V-RAPTOR ofrece m\u00e1s opciones para montar accesorios en un formato peque\u00f1o y ligero.<\/p>\n<p>La placa incluye un receptor de zapata fr\u00eda, puntos de montaje de 1\/4\u2033-20 y \u215c&#8221;-16 que admiten diversos accesorios, como nuestras antiguas asas superiores de liberaci\u00f3n r\u00e1pida, monitores externos, transmisores de v\u00eddeo inal\u00e1mbricos, brazos articulados, etc.<\/p>\n","protected":false},"excerpt":{"rendered":"<p>Esta placa superior frontal para el RED V-RAPTOR ofrece m\u00e1s opciones para montar accesorios en un formato peque\u00f1o y ligero. La placa incluye un receptor de zapata fr\u00eda, puntos de montaje de 1\/4\u2033-20 y \u215c&#8221;-16 que admiten diversos accesorios, como [&hellip;]<\/p>\n","protected":false},"featured_media":2006676,"comment_status":"closed","ping_status":"closed","template":"","meta":[],"product_cat":[2738,3153],"product_tag":[],"acf":[],"gallery_images":[1915673,1915674],"_links":{"self":[{"href":"https:\/\/eu.tilta.com\/es\/wp-json\/wp\/v2\/product\/2006675"}],"collection":[{"href":"https:\/\/eu.tilta.com\/es\/wp-json\/wp\/v2\/product"}],"about":[{"href":"https:\/\/eu.tilta.com\/es\/wp-json\/wp\/v2\/types\/product"}],"replies":[{"embeddable":true,"href":"https:\/\/eu.tilta.com\/es\/wp-json\/wp\/v2\/comments?post=2006675"}],"wp:featuredmedia":[{"embeddable":true,"href":"https:\/\/eu.tilta.com\/es\/wp-json\/wp\/v2\/media\/2006676"}],"wp:attachment":[{"href":"https:\/\/eu.tilta.com\/es\/wp-json\/wp\/v2\/media?parent=2006675"}],"wp:term":[{"taxonomy":"product_cat","embeddable":true,"href":"https:\/\/eu.tilta.com\/es\/wp-json\/wp\/v2\/product_cat?post=2006675"},{"taxonomy":"product_tag","embeddable":true,"href":"https:\/\/eu.tilta.com\/es\/wp-json\/wp\/v2\/product_tag?post=2006675"}],"curies":[{"name":"wp","href":"https:\/\/api.w.org\/{rel}","templated":true}]}}