{"id":2006715,"date":"2021-12-29T11:35:25","date_gmt":"2021-12-29T10:35:25","guid":{"rendered":"https:\/\/de.tilta.com\/shop\/juego-de-filtros-nd-para-dji-action-2\/"},"modified":"2025-12-05T13:39:21","modified_gmt":"2025-12-05T12:39:21","slug":"nd-filter-set-for-dji-osmo-action-2","status":"publish","type":"product","link":"https:\/\/eu.tilta.com\/es\/shop\/nd-filter-set-for-dji-osmo-action-2\/","title":{"rendered":"Juego de filtros ND para DJI Action 2"},"content":{"rendered":"<p>Este Set de Filtros ND para DJI Osmo Action 2 es una c\u00f3moda soluci\u00f3n que ofrece a los usuarios un mayor control sobre la exposici\u00f3n de sus im\u00e1genes.<\/p>\n<p>El dise\u00f1o de encaje magn\u00e9tico permite colocar o retirar estos filtros de forma r\u00e1pida y segura.<\/p>\n<p>Este Kit ND incluye cuatro densidades diferentes, que te permiten reducir entre 3 y 6 stops de luz.<\/p>\n<p>Esto hace que estos filtros sean imprescindibles para fotografiar situaciones con entornos luminosos incontrolables, como fotografiar en exteriores en la nieve o en un d\u00eda claro y soleado.<\/p>\n","protected":false},"excerpt":{"rendered":"<p>Este Set de Filtros ND para DJI Osmo Action 2 es una c\u00f3moda soluci\u00f3n que ofrece a los usuarios un mayor control sobre la exposici\u00f3n de sus im\u00e1genes. El dise\u00f1o de encaje magn\u00e9tico permite colocar o retirar estos filtros de [&hellip;]<\/p>\n","protected":false},"featured_media":2006716,"comment_status":"closed","ping_status":"closed","template":"","meta":[],"product_cat":[3019],"product_tag":[],"acf":[],"gallery_images":[1914475,1914476,1914479,1914478,1914477],"_links":{"self":[{"href":"https:\/\/eu.tilta.com\/es\/wp-json\/wp\/v2\/product\/2006715"}],"collection":[{"href":"https:\/\/eu.tilta.com\/es\/wp-json\/wp\/v2\/product"}],"about":[{"href":"https:\/\/eu.tilta.com\/es\/wp-json\/wp\/v2\/types\/product"}],"replies":[{"embeddable":true,"href":"https:\/\/eu.tilta.com\/es\/wp-json\/wp\/v2\/comments?post=2006715"}],"wp:featuredmedia":[{"embeddable":true,"href":"https:\/\/eu.tilta.com\/es\/wp-json\/wp\/v2\/media\/2006716"}],"wp:attachment":[{"href":"https:\/\/eu.tilta.com\/es\/wp-json\/wp\/v2\/media?parent=2006715"}],"wp:term":[{"taxonomy":"product_cat","embeddable":true,"href":"https:\/\/eu.tilta.com\/es\/wp-json\/wp\/v2\/product_cat?post=2006715"},{"taxonomy":"product_tag","embeddable":true,"href":"https:\/\/eu.tilta.com\/es\/wp-json\/wp\/v2\/product_tag?post=2006715"}],"curies":[{"name":"wp","href":"https:\/\/api.w.org\/{rel}","templated":true}]}}