{"id":2006722,"date":"2021-12-27T09:52:44","date_gmt":"2021-12-27T08:52:44","guid":{"rendered":"https:\/\/de.tilta.com\/shop\/asa-superior-tilta-compact-nato\/"},"modified":"2026-01-27T16:51:36","modified_gmt":"2026-01-27T15:51:36","slug":"tiltaing-compact-nato-top-handle-black","status":"publish","type":"product","link":"https:\/\/eu.tilta.com\/es\/shop\/tiltaing-compact-nato-top-handle-black\/","title":{"rendered":"Asa superior Tilta Compact NATO"},"content":{"rendered":"<p>Esta empu\u00f1adura superior Compact NATO se fija de forma f\u00e1cil y segura a la parte superior de la jaula de la c\u00e1mara completa Sony a7 IV.<br \/>\nDispone de varios puntos de montaje de 1\/4&#8243;-20 y 3\/8&#8243;-16, as\u00ed como de un punto de montaje de zapata fr\u00eda en la parte delantera de la empu\u00f1adura.<\/p>\n<p>&nbsp;<\/p>\n","protected":false},"excerpt":{"rendered":"<p>Esta empu\u00f1adura superior Compact NATO se fija de forma f\u00e1cil y segura a la parte superior de la jaula de la c\u00e1mara completa Sony a7 IV. Dispone de varios puntos de montaje de 1\/4&#8243;-20 y 3\/8&#8243;-16, as\u00ed como de un [&hellip;]<\/p>\n","protected":false},"featured_media":2006723,"comment_status":"closed","ping_status":"closed","template":"","meta":[],"product_cat":[3248,2842,2833,2747,2839,2742,2837,2744,2830,2836,2745,2786,2762,2787],"product_tag":[],"acf":[],"gallery_images":[2006724,2006725],"_links":{"self":[{"href":"https:\/\/eu.tilta.com\/es\/wp-json\/wp\/v2\/product\/2006722"}],"collection":[{"href":"https:\/\/eu.tilta.com\/es\/wp-json\/wp\/v2\/product"}],"about":[{"href":"https:\/\/eu.tilta.com\/es\/wp-json\/wp\/v2\/types\/product"}],"replies":[{"embeddable":true,"href":"https:\/\/eu.tilta.com\/es\/wp-json\/wp\/v2\/comments?post=2006722"}],"wp:featuredmedia":[{"embeddable":true,"href":"https:\/\/eu.tilta.com\/es\/wp-json\/wp\/v2\/media\/2006723"}],"wp:attachment":[{"href":"https:\/\/eu.tilta.com\/es\/wp-json\/wp\/v2\/media?parent=2006722"}],"wp:term":[{"taxonomy":"product_cat","embeddable":true,"href":"https:\/\/eu.tilta.com\/es\/wp-json\/wp\/v2\/product_cat?post=2006722"},{"taxonomy":"product_tag","embeddable":true,"href":"https:\/\/eu.tilta.com\/es\/wp-json\/wp\/v2\/product_tag?post=2006722"}],"curies":[{"name":"wp","href":"https:\/\/api.w.org\/{rel}","templated":true}]}}