{"id":2006740,"date":"2021-12-27T09:47:49","date_gmt":"2021-12-27T08:47:49","guid":{"rendered":"https:\/\/de.tilta.com\/shop\/jaula-de-camara-para-el-kit-basico-sony-a7-iv-negro\/"},"modified":"2026-04-27T16:09:07","modified_gmt":"2026-04-27T14:09:07","slug":"camera-cage-for-sony-a7-iv-basic-kit-black","status":"publish","type":"product","link":"https:\/\/eu.tilta.com\/es\/shop\/camera-cage-for-sony-a7-iv-basic-kit-black\/","title":{"rendered":"Jaula de c\u00e1mara para el kit b\u00e1sico Sony a7 IV &#8211; Negro"},"content":{"rendered":"<p>Este Kit B\u00e1sico proporciona un blindaje protector para la Sony a7 IV, a1, a7S III, a7R IV, a7R V, a7 III, a7R III, A9 e incluye algunos accesorios b\u00e1sicos para mejorar la funcionalidad de la c\u00e1mara.<\/p>\n<p>La Jaula Completa incorpora varias roscas de 3\/8&#8243;-16 y 1\/4&#8243;-20 con pasadores de fijaci\u00f3n, receptores de zapata fr\u00eda y un ra\u00edl OTAN para empu\u00f1aduras laterales de tipo IV y VI.<\/p>\n<p>Tambi\u00e9n incorpora una conexi\u00f3n de roseta compatible con ARRI, as\u00ed como puertos de fijaci\u00f3n de ca\u00f1as para nuestros <a href=\"https:\/\/de.tilta.com\/product-category\/accessories\/rod-rod-holders\/\">portaca\u00f1as individuales<\/a> opcionales.<\/p>\n<p>La parte superior de la jaula est\u00e1 dise\u00f1ada espec\u00edficamente para nuestra Asa superior Tiltaing Compact NATO, para un manejo y una manipulaci\u00f3n m\u00e1s flexibles.<\/p>\n<p>La empu\u00f1adura incluye un receptor de <a href=\"https:\/\/de.tilta.com\/shop\/tiltaing-adjustable-cold-shoe-accessory-mounting-bracket\/\">zapata<\/a> fr\u00eda que puede utilizarse para montar un monitor externo mediante nuestro <a href=\"https:\/\/de.tilta.com\/shop\/tiltaing-adjustable-cold-shoe-accessory-mounting-bracket\/\">soporte de montaje de accesorios de zapata fr\u00eda<\/a>.<\/p>\n<p>La placa inferior proporciona roscas de 1\/4\u2033-20 para fijar tu c\u00e1mara a varias placas de liberaci\u00f3n r\u00e1pida y es compatible con la placa base Tiltaing 15mm LWS Tipo IV.<\/p>\n<p>La abrazadera HDMI se fija al lateral de la jaula y te permite sujetar con seguridad el cable HDMI macho a HDMI hembra incluido en tu sistema.<\/p>\n<p>Esta abrazadera puede ayudar a evitar que tu cable HDMI se suelte mientras disparas y puede ayudar a proteger el puerto del cuerpo de tu c\u00e1mara.<\/p>\n<p>Esto puede ser especialmente \u00fatil cuando se utiliza una grabadora externa.<\/p>\n","protected":false},"excerpt":{"rendered":"<p>Este Kit B\u00e1sico proporciona un blindaje protector para la Sony a7 IV, a1, a7S III, a7R IV, a7R V, a7 III, a7R III, A9 e incluye algunos accesorios b\u00e1sicos para mejorar la funcionalidad de la c\u00e1mara. La Jaula Completa incorpora [&hellip;]<\/p>\n","protected":false},"featured_media":2006741,"comment_status":"closed","ping_status":"closed","template":"","meta":[],"product_cat":[2786],"product_tag":[],"acf":[],"gallery_images":[2006742,2006743,2006733,2006734,2006735,2006736],"_links":{"self":[{"href":"https:\/\/eu.tilta.com\/es\/wp-json\/wp\/v2\/product\/2006740"}],"collection":[{"href":"https:\/\/eu.tilta.com\/es\/wp-json\/wp\/v2\/product"}],"about":[{"href":"https:\/\/eu.tilta.com\/es\/wp-json\/wp\/v2\/types\/product"}],"replies":[{"embeddable":true,"href":"https:\/\/eu.tilta.com\/es\/wp-json\/wp\/v2\/comments?post=2006740"}],"wp:featuredmedia":[{"embeddable":true,"href":"https:\/\/eu.tilta.com\/es\/wp-json\/wp\/v2\/media\/2006741"}],"wp:attachment":[{"href":"https:\/\/eu.tilta.com\/es\/wp-json\/wp\/v2\/media?parent=2006740"}],"wp:term":[{"taxonomy":"product_cat","embeddable":true,"href":"https:\/\/eu.tilta.com\/es\/wp-json\/wp\/v2\/product_cat?post=2006740"},{"taxonomy":"product_tag","embeddable":true,"href":"https:\/\/eu.tilta.com\/es\/wp-json\/wp\/v2\/product_tag?post=2006740"}],"curies":[{"name":"wp","href":"https:\/\/api.w.org\/{rel}","templated":true}]}}