{"id":2006820,"date":"2021-11-30T11:32:41","date_gmt":"2021-11-30T10:32:41","guid":{"rendered":"https:\/\/de.tilta.com\/shop\/mando-de-control-avanzado-para-tilta-mirage\/"},"modified":"2026-03-19T03:25:33","modified_gmt":"2026-03-19T02:25:33","slug":"advanced-control-knob-for-tilta-mirage","status":"publish","type":"product","link":"https:\/\/eu.tilta.com\/es\/shop\/advanced-control-knob-for-tilta-mirage\/","title":{"rendered":"Mando de control avanzado para Tilta Mirage"},"content":{"rendered":"<p>Este mando de control avanzado para Tilta Mirage se monta directamente en tu <a href=\"https:\/\/de.tilta.com\/shop\/95mm-polarizer-filter-for-tilta-mirage\/\">filtro<\/a> <a href=\"https:\/\/de.tilta.com\/shop\/95mm-variable-nd-for-tilta-mirage\/\">ND variable<\/a> o <a href=\"https:\/\/de.tilta.com\/shop\/95mm-polarizer-filter-for-tilta-mirage\/\">polarizador<\/a> para ofrecer una opci\u00f3n m\u00e1s c\u00f3moda y precisa de ajustar la densidad de tus filtros.<\/p>\n<p>El mando de control se acopla directamente a estos filtros mediante dos roscas M3, lo que permite utilizar este accesorio en m\u00faltiples situaciones, incluso cuando el filtro se monta directamente en el objetivo mediante nuestro <a href=\"https:\/\/de.tilta.com\/shop\/lightweight-filter-clamp-on-adapter\/\">adaptador de pinza ligero<\/a>.<\/p>\n<p>Este accesorio es la soluci\u00f3n perfecta para quien necesite controlar manualmente con frecuencia su ND Variable o Polarizador.<\/p>\n","protected":false},"excerpt":{"rendered":"<p>Este mando de control avanzado para Tilta Mirage se monta directamente en tu filtro ND variable o polarizador para ofrecer una opci\u00f3n m\u00e1s c\u00f3moda y precisa de ajustar la densidad de tus filtros. El mando de control se acopla directamente [&hellip;]<\/p>\n","protected":false},"featured_media":2006821,"comment_status":"closed","ping_status":"closed","template":"","meta":[],"product_cat":[2939],"product_tag":[],"acf":[],"gallery_images":[2006822,2006823],"_links":{"self":[{"href":"https:\/\/eu.tilta.com\/es\/wp-json\/wp\/v2\/product\/2006820"}],"collection":[{"href":"https:\/\/eu.tilta.com\/es\/wp-json\/wp\/v2\/product"}],"about":[{"href":"https:\/\/eu.tilta.com\/es\/wp-json\/wp\/v2\/types\/product"}],"replies":[{"embeddable":true,"href":"https:\/\/eu.tilta.com\/es\/wp-json\/wp\/v2\/comments?post=2006820"}],"wp:featuredmedia":[{"embeddable":true,"href":"https:\/\/eu.tilta.com\/es\/wp-json\/wp\/v2\/media\/2006821"}],"wp:attachment":[{"href":"https:\/\/eu.tilta.com\/es\/wp-json\/wp\/v2\/media?parent=2006820"}],"wp:term":[{"taxonomy":"product_cat","embeddable":true,"href":"https:\/\/eu.tilta.com\/es\/wp-json\/wp\/v2\/product_cat?post=2006820"},{"taxonomy":"product_tag","embeddable":true,"href":"https:\/\/eu.tilta.com\/es\/wp-json\/wp\/v2\/product_tag?post=2006820"}],"curies":[{"name":"wp","href":"https:\/\/api.w.org\/{rel}","templated":true}]}}