{"id":2006825,"date":"2021-11-30T10:18:57","date_gmt":"2021-11-30T09:18:57","guid":{"rendered":"https:\/\/de.tilta.com\/shop\/estacion-de-acoplamiento-del-sistema-de-flotacion-tilta\/"},"modified":"2025-12-05T13:39:27","modified_gmt":"2025-12-05T12:39:27","slug":"tilta-float-system-docking-station","status":"publish","type":"product","link":"https:\/\/eu.tilta.com\/es\/shop\/tilta-float-system-docking-station\/","title":{"rendered":"Estaci\u00f3n de acoplamiento del sistema de flotaci\u00f3n Tilta"},"content":{"rendered":"<p>Esta estaci\u00f3n de acoplamiento para el sistema de flotaci\u00f3n Tilta es una soluci\u00f3n integral para asegurar tu sistema de flotaci\u00f3n cuando no se utiliza.<\/p>\n<p>Esta estaci\u00f3n de acoplamiento se conecta mediante una conexi\u00f3n Baby Pin y te permite fijar el poste, el chaleco y el brazo de tu flotador en el mismo soporte.<\/p>\n<p>Esto te permite mantener tu sistema listo para salir sin necesidad de llevarlo puesto ni de guardarlo en la maleta.<\/p>\n<p>El dise\u00f1o ajustable te permite ajustar f\u00e1cilmente el centro de gravedad, garantizando que la Base de conexi\u00f3n se mantenga equilibrada en tu soporte.<\/p>\n","protected":false},"excerpt":{"rendered":"<p>Esta estaci\u00f3n de acoplamiento para el sistema de flotaci\u00f3n Tilta es una soluci\u00f3n integral para asegurar tu sistema de flotaci\u00f3n cuando no se utiliza. Esta estaci\u00f3n de acoplamiento se conecta mediante una conexi\u00f3n Baby Pin y te permite fijar el [&hellip;]<\/p>\n","protected":false},"featured_media":2006826,"comment_status":"closed","ping_status":"closed","template":"","meta":[],"product_cat":[2763],"product_tag":[],"acf":[],"gallery_images":[2006827,2006828],"_links":{"self":[{"href":"https:\/\/eu.tilta.com\/es\/wp-json\/wp\/v2\/product\/2006825"}],"collection":[{"href":"https:\/\/eu.tilta.com\/es\/wp-json\/wp\/v2\/product"}],"about":[{"href":"https:\/\/eu.tilta.com\/es\/wp-json\/wp\/v2\/types\/product"}],"replies":[{"embeddable":true,"href":"https:\/\/eu.tilta.com\/es\/wp-json\/wp\/v2\/comments?post=2006825"}],"wp:featuredmedia":[{"embeddable":true,"href":"https:\/\/eu.tilta.com\/es\/wp-json\/wp\/v2\/media\/2006826"}],"wp:attachment":[{"href":"https:\/\/eu.tilta.com\/es\/wp-json\/wp\/v2\/media?parent=2006825"}],"wp:term":[{"taxonomy":"product_cat","embeddable":true,"href":"https:\/\/eu.tilta.com\/es\/wp-json\/wp\/v2\/product_cat?post=2006825"},{"taxonomy":"product_tag","embeddable":true,"href":"https:\/\/eu.tilta.com\/es\/wp-json\/wp\/v2\/product_tag?post=2006825"}],"curies":[{"name":"wp","href":"https:\/\/api.w.org\/{rel}","templated":true}]}}