{"id":2006829,"date":"2021-10-27T13:25:23","date_gmt":"2021-10-27T11:25:23","guid":{"rendered":"https:\/\/de.tilta.com\/shop\/bandeja-de-filtro-apilable-4x565-para-tilta-mirage\/"},"modified":"2025-12-05T13:39:28","modified_gmt":"2025-12-05T12:39:28","slug":"4x5-65-stackable-filter-tray-for-tilta-mirage","status":"publish","type":"product","link":"https:\/\/eu.tilta.com\/es\/shop\/4x5-65-stackable-filter-tray-for-tilta-mirage\/","title":{"rendered":"Bandeja de filtro apilable 4&#215;5,65 para Tilta Mirage"},"content":{"rendered":"<p>Esta Bandeja de Filtros Apilable se conecta al Soporte de Bandeja de Filtros Apilable 4\u00d75,65, que te permite fijar un filtro adicional 4\u00d75,65 delante del objetivo.<\/p>\n<p>Este Portafiltros tambi\u00e9n te permite fijar otras Bandejas de Filtro Apilables de 4\u00d75,65, lo que hace posible montar tantos filtros de 4\u00d75,65 como necesites.<\/p>\n<p><strong>NOTA: Para montarlo en la Tilta Mirage se necesita un Soporte de bandeja de filtro apilable  <\/strong><\/p>\n","protected":false},"excerpt":{"rendered":"<p>Esta Bandeja de Filtros Apilable se conecta al Soporte de Bandeja de Filtros Apilable 4\u00d75,65, que te permite fijar un filtro adicional 4\u00d75,65 delante del objetivo. Este Portafiltros tambi\u00e9n te permite fijar otras Bandejas de Filtro Apilables de 4\u00d75,65, lo [&hellip;]<\/p>\n","protected":false},"featured_media":2006830,"comment_status":"closed","ping_status":"closed","template":"","meta":[],"product_cat":[2939],"product_tag":[],"acf":[],"gallery_images":[2006831,2006832],"_links":{"self":[{"href":"https:\/\/eu.tilta.com\/es\/wp-json\/wp\/v2\/product\/2006829"}],"collection":[{"href":"https:\/\/eu.tilta.com\/es\/wp-json\/wp\/v2\/product"}],"about":[{"href":"https:\/\/eu.tilta.com\/es\/wp-json\/wp\/v2\/types\/product"}],"replies":[{"embeddable":true,"href":"https:\/\/eu.tilta.com\/es\/wp-json\/wp\/v2\/comments?post=2006829"}],"wp:featuredmedia":[{"embeddable":true,"href":"https:\/\/eu.tilta.com\/es\/wp-json\/wp\/v2\/media\/2006830"}],"wp:attachment":[{"href":"https:\/\/eu.tilta.com\/es\/wp-json\/wp\/v2\/media?parent=2006829"}],"wp:term":[{"taxonomy":"product_cat","embeddable":true,"href":"https:\/\/eu.tilta.com\/es\/wp-json\/wp\/v2\/product_cat?post=2006829"},{"taxonomy":"product_tag","embeddable":true,"href":"https:\/\/eu.tilta.com\/es\/wp-json\/wp\/v2\/product_tag?post=2006829"}],"curies":[{"name":"wp","href":"https:\/\/api.w.org\/{rel}","templated":true}]}}