{"id":2006836,"date":"2021-10-27T13:20:12","date_gmt":"2021-10-27T11:20:12","guid":{"rendered":"https:\/\/de.tilta.com\/shop\/bandeja-de-filtros-circulares-apilables-de-95-mm-para-tilta-mirage\/"},"modified":"2025-12-05T13:39:28","modified_gmt":"2025-12-05T12:39:28","slug":"95mm-stackable-circular-filter-tray-for-tilta-mirage","status":"publish","type":"product","link":"https:\/\/eu.tilta.com\/es\/shop\/95mm-stackable-circular-filter-tray-for-tilta-mirage\/","title":{"rendered":"Bandeja de filtros circulares apilables de 95 mm para Tilta Mirage"},"content":{"rendered":"<p>Este Portafiltros Circular Apilable sustituye a la Caperuza de Goma de la Tilta Mirage Matte Box y te permite fijar un filtro circular adicional de 95 mm delante de tu objetivo.<\/p>\n<p>Es la soluci\u00f3n perfecta para utilizar filtros circulares de efectos especiales de 95 mm al mismo tiempo que el M\u00f3dulo VND y tambi\u00e9n te permite montar la Capucha de Goma en la parte delantera de la Bandeja.<\/p>\n<p>Esto te permite montar un m\u00e1ximo de (4) filtros circulares de 95 mm cuando utilizas <a href=\"https:\/\/de.tilta.com\/shop\/dual-circular-filter-tray-for-tilta-mirage\/\">Bandejas de filtro dobles<\/a>. S\u00f3lo se puede montar una Bandeja Filtrante Apilable a la vez.<\/p>\n<p><strong>NOTA: Para evitar <span style=\"text-decoration: underline;\">el vi\u00f1eteado<\/span>, tendr\u00e1s que utilizar distancias focales superiores a <span style=\"text-decoration: underline;\">35 mm<\/span> para Full Frame y <span style=\"text-decoration: underline;\">24 mm<\/span> para S35.  <\/strong><\/p>\n<p><strong>El Motor Inal\u00e1mbrico no puede montarse en el M\u00f3dulo VND cuando est\u00e1 insertado en la Ranura para Filtro de la Bandeja Apilable.<br \/>\n<\/strong><\/p>\n<p><strong>La fuente de alimentaci\u00f3n para el motor Tilta Mirage no es compatible cuando se utiliza la bandeja apilable para filtros.<\/strong><\/p>\n<p>&nbsp;<\/p>\n","protected":false},"excerpt":{"rendered":"<p>Este Portafiltros Circular Apilable sustituye a la Caperuza de Goma de la Tilta Mirage Matte Box y te permite fijar un filtro circular adicional de 95 mm delante de tu objetivo. Es la soluci\u00f3n perfecta para utilizar filtros circulares de [&hellip;]<\/p>\n","protected":false},"featured_media":2006837,"comment_status":"closed","ping_status":"closed","template":"","meta":[],"product_cat":[2939],"product_tag":[],"acf":[],"gallery_images":[2006838,2006839],"_links":{"self":[{"href":"https:\/\/eu.tilta.com\/es\/wp-json\/wp\/v2\/product\/2006836"}],"collection":[{"href":"https:\/\/eu.tilta.com\/es\/wp-json\/wp\/v2\/product"}],"about":[{"href":"https:\/\/eu.tilta.com\/es\/wp-json\/wp\/v2\/types\/product"}],"replies":[{"embeddable":true,"href":"https:\/\/eu.tilta.com\/es\/wp-json\/wp\/v2\/comments?post=2006836"}],"wp:featuredmedia":[{"embeddable":true,"href":"https:\/\/eu.tilta.com\/es\/wp-json\/wp\/v2\/media\/2006837"}],"wp:attachment":[{"href":"https:\/\/eu.tilta.com\/es\/wp-json\/wp\/v2\/media?parent=2006836"}],"wp:term":[{"taxonomy":"product_cat","embeddable":true,"href":"https:\/\/eu.tilta.com\/es\/wp-json\/wp\/v2\/product_cat?post=2006836"},{"taxonomy":"product_tag","embeddable":true,"href":"https:\/\/eu.tilta.com\/es\/wp-json\/wp\/v2\/product_tag?post=2006836"}],"curies":[{"name":"wp","href":"https:\/\/api.w.org\/{rel}","templated":true}]}}