{"id":2006934,"date":"2021-09-17T09:24:33","date_gmt":"2021-09-17T07:24:33","guid":{"rendered":"https:\/\/de.tilta.com\/shop\/motor-inalambrico-para-tilta-mirage\/"},"modified":"2025-12-05T13:39:29","modified_gmt":"2025-12-05T12:39:29","slug":"wireless-motor-for-tilta-mirage","status":"publish","type":"product","link":"https:\/\/eu.tilta.com\/es\/shop\/wireless-motor-for-tilta-mirage\/","title":{"rendered":"Motor inal\u00e1mbrico para Tilta Mirage"},"content":{"rendered":"<p><strong>ADVERTENCIA: No alimentes esta unidad mediante USB-C mientras est\u00e9 conectada la fuente de alimentaci\u00f3n 14500.  <\/strong><\/p>\n<p>El Motor Inal\u00e1mbrico para Tilta Mirage se monta directamente en el M\u00f3dulo ND Variable de 95 mm y te permite ajustar a distancia el VND con el Controlador Inal\u00e1mbrico para Mirage.<\/p>\n<p>El motor se puede controlar con el FIZ Nucleus M, las empu\u00f1aduras, el volante Nucleus Nano, las empu\u00f1aduras de control para empu\u00f1adura anular avanzada y nuestra empu\u00f1adura de control de funcionamiento trasero.<\/p>\n<p>El Motor se alimenta mediante USB-C o la <a href=\"https:\/\/de.tilta.com\/shop\/14500-power-supply-for-tilta-mirage-motor\/\">Fuente de Alimentaci\u00f3n 14500<\/a> opcional.<\/p>\n<p><strong>NOTA: Este motor puede ser accionado, pero no controlado, por nuestras Asas de Enfoque Lateral.  <\/strong><\/p>\n<p><strong>Este Motor NO es compatible con USB-C PD. La visualizaci\u00f3n del voltaje cuando se alimenta a trav\u00e9s de USB-C puede no ser exacta.  <\/strong><\/p>\n","protected":false},"excerpt":{"rendered":"<p>ADVERTENCIA: No alimentes esta unidad mediante USB-C mientras est\u00e9 conectada la fuente de alimentaci\u00f3n 14500. El Motor Inal\u00e1mbrico para Tilta Mirage se monta directamente en el M\u00f3dulo ND Variable de 95 mm y te permite ajustar a distancia el VND [&hellip;]<\/p>\n","protected":false},"featured_media":2006935,"comment_status":"closed","ping_status":"closed","template":"","meta":[],"product_cat":[2939],"product_tag":[],"acf":[],"gallery_images":[2006936],"_links":{"self":[{"href":"https:\/\/eu.tilta.com\/es\/wp-json\/wp\/v2\/product\/2006934"}],"collection":[{"href":"https:\/\/eu.tilta.com\/es\/wp-json\/wp\/v2\/product"}],"about":[{"href":"https:\/\/eu.tilta.com\/es\/wp-json\/wp\/v2\/types\/product"}],"replies":[{"embeddable":true,"href":"https:\/\/eu.tilta.com\/es\/wp-json\/wp\/v2\/comments?post=2006934"}],"wp:featuredmedia":[{"embeddable":true,"href":"https:\/\/eu.tilta.com\/es\/wp-json\/wp\/v2\/media\/2006935"}],"wp:attachment":[{"href":"https:\/\/eu.tilta.com\/es\/wp-json\/wp\/v2\/media?parent=2006934"}],"wp:term":[{"taxonomy":"product_cat","embeddable":true,"href":"https:\/\/eu.tilta.com\/es\/wp-json\/wp\/v2\/product_cat?post=2006934"},{"taxonomy":"product_tag","embeddable":true,"href":"https:\/\/eu.tilta.com\/es\/wp-json\/wp\/v2\/product_tag?post=2006934"}],"curies":[{"name":"wp","href":"https:\/\/api.w.org\/{rel}","templated":true}]}}