{"id":2006953,"date":"2021-09-16T15:42:18","date_gmt":"2021-09-16T13:42:18","guid":{"rendered":"https:\/\/de.tilta.com\/shop\/adaptador-de-pinza-para-filtro-ligero\/"},"modified":"2025-12-05T13:39:31","modified_gmt":"2025-12-05T12:39:31","slug":"lightweight-filter-clamp-on-adapter","status":"publish","type":"product","link":"https:\/\/eu.tilta.com\/es\/shop\/lightweight-filter-clamp-on-adapter\/","title":{"rendered":"Adaptador de pinza para filtro ligero"},"content":{"rendered":"<p>Este Adaptador de filtro ligero con abrazadera te permite montar el M\u00f3dulo Mirage VND o 95 mm directamente en un objetivo con un di\u00e1metro frontal de 95 mm o en un anillo adaptador.<\/p>\n<p>Es una de las opciones m\u00e1s ligeras que existen actualmente para fijar un VND de este tama\u00f1o a tu objetivo, ya que s\u00f3lo pesa 130 g.<\/p>\n<p>\u00a1Imprescindible en tu kit cuando utilices regularmente cardanes o drones!<\/p>\n<p><strong>NOTA: no es compatible con las bandejas de filtros circulares dobles de 95 mm para Tilta Mirage<\/strong><\/p>\n<p>&nbsp;<\/p>\n","protected":false},"excerpt":{"rendered":"<p>Este Adaptador de filtro ligero con abrazadera te permite montar el M\u00f3dulo Mirage VND o 95 mm directamente en un objetivo con un di\u00e1metro frontal de 95 mm o en un anillo adaptador. Es una de las opciones m\u00e1s ligeras [&hellip;]<\/p>\n","protected":false},"featured_media":2006954,"comment_status":"closed","ping_status":"closed","template":"","meta":[],"product_cat":[2939],"product_tag":[],"acf":[],"gallery_images":[2006955],"_links":{"self":[{"href":"https:\/\/eu.tilta.com\/es\/wp-json\/wp\/v2\/product\/2006953"}],"collection":[{"href":"https:\/\/eu.tilta.com\/es\/wp-json\/wp\/v2\/product"}],"about":[{"href":"https:\/\/eu.tilta.com\/es\/wp-json\/wp\/v2\/types\/product"}],"replies":[{"embeddable":true,"href":"https:\/\/eu.tilta.com\/es\/wp-json\/wp\/v2\/comments?post=2006953"}],"wp:featuredmedia":[{"embeddable":true,"href":"https:\/\/eu.tilta.com\/es\/wp-json\/wp\/v2\/media\/2006954"}],"wp:attachment":[{"href":"https:\/\/eu.tilta.com\/es\/wp-json\/wp\/v2\/media?parent=2006953"}],"wp:term":[{"taxonomy":"product_cat","embeddable":true,"href":"https:\/\/eu.tilta.com\/es\/wp-json\/wp\/v2\/product_cat?post=2006953"},{"taxonomy":"product_tag","embeddable":true,"href":"https:\/\/eu.tilta.com\/es\/wp-json\/wp\/v2\/product_tag?post=2006953"}],"curies":[{"name":"wp","href":"https:\/\/api.w.org\/{rel}","templated":true}]}}