{"id":2006960,"date":"2021-09-16T15:46:53","date_gmt":"2021-09-16T13:46:53","guid":{"rendered":"https:\/\/de.tilta.com\/shop\/mando-inalambrico-para-tilta-mirage\/"},"modified":"2026-02-24T19:58:42","modified_gmt":"2026-02-24T18:58:42","slug":"wireless-controller-for-tilta-mirage","status":"publish","type":"product","link":"https:\/\/eu.tilta.com\/es\/shop\/wireless-controller-for-tilta-mirage\/","title":{"rendered":"Mando inal\u00e1mbrico para Tilta Mirage"},"content":{"rendered":"<p>El mando inal\u00e1mbrico para Tilta Mirage te permite controlar a distancia el m\u00f3dulo VND, as\u00ed como un motor Nucleus Nano o Nucleus M.<\/p>\n<p>El Controlador se alimenta mediante una sola pila 14500 y se puede acoplar a monitores, cardanes o jaulas de c\u00e1mara mediante una conexi\u00f3n OTAN y un adaptador para ra\u00edl OTAN incluido.<\/p>\n","protected":false},"excerpt":{"rendered":"<p>El mando inal\u00e1mbrico para Tilta Mirage te permite controlar a distancia el m\u00f3dulo VND, as\u00ed como un motor Nucleus Nano o Nucleus M. El Controlador se alimenta mediante una sola pila 14500 y se puede acoplar a monitores, cardanes o [&hellip;]<\/p>\n","protected":false},"featured_media":2006962,"comment_status":"closed","ping_status":"closed","template":"","meta":[],"product_cat":[2939],"product_tag":[],"acf":[],"gallery_images":[2006964],"_links":{"self":[{"href":"https:\/\/eu.tilta.com\/es\/wp-json\/wp\/v2\/product\/2006960"}],"collection":[{"href":"https:\/\/eu.tilta.com\/es\/wp-json\/wp\/v2\/product"}],"about":[{"href":"https:\/\/eu.tilta.com\/es\/wp-json\/wp\/v2\/types\/product"}],"replies":[{"embeddable":true,"href":"https:\/\/eu.tilta.com\/es\/wp-json\/wp\/v2\/comments?post=2006960"}],"wp:featuredmedia":[{"embeddable":true,"href":"https:\/\/eu.tilta.com\/es\/wp-json\/wp\/v2\/media\/2006962"}],"wp:attachment":[{"href":"https:\/\/eu.tilta.com\/es\/wp-json\/wp\/v2\/media?parent=2006960"}],"wp:term":[{"taxonomy":"product_cat","embeddable":true,"href":"https:\/\/eu.tilta.com\/es\/wp-json\/wp\/v2\/product_cat?post=2006960"},{"taxonomy":"product_tag","embeddable":true,"href":"https:\/\/eu.tilta.com\/es\/wp-json\/wp\/v2\/product_tag?post=2006960"}],"curies":[{"name":"wp","href":"https:\/\/api.w.org\/{rel}","templated":true}]}}