{"id":2006992,"date":"2021-09-16T15:43:50","date_gmt":"2021-09-16T13:43:50","guid":{"rendered":"https:\/\/de.tilta.com\/shop\/soporte-lws-de-15-mm-para-tilta-mirage\/"},"modified":"2026-02-28T09:58:45","modified_gmt":"2026-02-28T08:58:45","slug":"15mm-lws-support-for-tilta-mirage","status":"publish","type":"product","link":"https:\/\/eu.tilta.com\/es\/shop\/15mm-lws-support-for-tilta-mirage\/","title":{"rendered":"Soporte LWS de 15 mm para Tilta Mirage"},"content":{"rendered":"<p>El Soporte LWS de 15 mm para Tilta Mirage te permite montar el Matte Box en tu sistema de c\u00e1mara mediante dos varillas de 15 mm.<\/p>\n<p>Es la soluci\u00f3n perfecta para a\u00f1adir algo m\u00e1s de seguridad cuando el peso es menos preocupante o cuando se utilizan objetivos que no admiten la funcionalidad de pinza de la Mirage.<\/p>\n","protected":false},"excerpt":{"rendered":"<p>El Soporte LWS de 15 mm para Tilta Mirage te permite montar el Matte Box en tu sistema de c\u00e1mara mediante dos varillas de 15 mm. Es la soluci\u00f3n perfecta para a\u00f1adir algo m\u00e1s de seguridad cuando el peso es [&hellip;]<\/p>\n","protected":false},"featured_media":2006993,"comment_status":"closed","ping_status":"closed","template":"","meta":[],"product_cat":[2939],"product_tag":[],"acf":[],"gallery_images":[2006994,2006995],"_links":{"self":[{"href":"https:\/\/eu.tilta.com\/es\/wp-json\/wp\/v2\/product\/2006992"}],"collection":[{"href":"https:\/\/eu.tilta.com\/es\/wp-json\/wp\/v2\/product"}],"about":[{"href":"https:\/\/eu.tilta.com\/es\/wp-json\/wp\/v2\/types\/product"}],"replies":[{"embeddable":true,"href":"https:\/\/eu.tilta.com\/es\/wp-json\/wp\/v2\/comments?post=2006992"}],"wp:featuredmedia":[{"embeddable":true,"href":"https:\/\/eu.tilta.com\/es\/wp-json\/wp\/v2\/media\/2006993"}],"wp:attachment":[{"href":"https:\/\/eu.tilta.com\/es\/wp-json\/wp\/v2\/media?parent=2006992"}],"wp:term":[{"taxonomy":"product_cat","embeddable":true,"href":"https:\/\/eu.tilta.com\/es\/wp-json\/wp\/v2\/product_cat?post=2006992"},{"taxonomy":"product_tag","embeddable":true,"href":"https:\/\/eu.tilta.com\/es\/wp-json\/wp\/v2\/product_tag?post=2006992"}],"curies":[{"name":"wp","href":"https:\/\/api.w.org\/{rel}","templated":true}]}}