{"id":2006996,"date":"2021-09-16T15:24:27","date_gmt":"2021-09-16T13:24:27","guid":{"rendered":"https:\/\/de.tilta.com\/shop\/kit-cargador-de-bateria-14500\/"},"modified":"2025-12-05T13:39:58","modified_gmt":"2025-12-05T12:39:58","slug":"14500-battery-charger-set","status":"publish","type":"product","link":"https:\/\/eu.tilta.com\/es\/shop\/14500-battery-charger-set\/","title":{"rendered":"Kit cargador de bater\u00eda 14500"},"content":{"rendered":"<p>Este Set cargador de bater\u00eda 14500 te permite cargar una sola bater\u00eda recargable 14500 (incluida) mediante alimentaci\u00f3n USB.<\/p>\n<p>El cargador dispone de dos modos diferentes para cargar con 0,25 A o 0,5 A.<\/p>\n","protected":false},"excerpt":{"rendered":"<p>Este Set cargador de bater\u00eda 14500 te permite cargar una sola bater\u00eda recargable 14500 (incluida) mediante alimentaci\u00f3n USB. El cargador dispone de dos modos diferentes para cargar con 0,25 A o 0,5 A.<\/p>\n","protected":false},"featured_media":2006999,"comment_status":"closed","ping_status":"closed","template":"","meta":[],"product_cat":[2939,2883],"product_tag":[],"acf":[],"gallery_images":[],"_links":{"self":[{"href":"https:\/\/eu.tilta.com\/es\/wp-json\/wp\/v2\/product\/2006996"}],"collection":[{"href":"https:\/\/eu.tilta.com\/es\/wp-json\/wp\/v2\/product"}],"about":[{"href":"https:\/\/eu.tilta.com\/es\/wp-json\/wp\/v2\/types\/product"}],"replies":[{"embeddable":true,"href":"https:\/\/eu.tilta.com\/es\/wp-json\/wp\/v2\/comments?post=2006996"}],"wp:featuredmedia":[{"embeddable":true,"href":"https:\/\/eu.tilta.com\/es\/wp-json\/wp\/v2\/media\/2006999"}],"wp:attachment":[{"href":"https:\/\/eu.tilta.com\/es\/wp-json\/wp\/v2\/media?parent=2006996"}],"wp:term":[{"taxonomy":"product_cat","embeddable":true,"href":"https:\/\/eu.tilta.com\/es\/wp-json\/wp\/v2\/product_cat?post=2006996"},{"taxonomy":"product_tag","embeddable":true,"href":"https:\/\/eu.tilta.com\/es\/wp-json\/wp\/v2\/product_tag?post=2006996"}],"curies":[{"name":"wp","href":"https:\/\/api.w.org\/{rel}","templated":true}]}}