{"id":2007000,"date":"2021-09-16T15:42:29","date_gmt":"2021-09-16T13:42:29","guid":{"rendered":"https:\/\/de.tilta.com\/shop\/nd-variable-de-95-mm-para-tilta-mirage\/"},"modified":"2026-04-27T13:16:17","modified_gmt":"2026-04-27T11:16:17","slug":"95mm-variable-nd-for-tilta-mirage","status":"publish","type":"product","link":"https:\/\/eu.tilta.com\/es\/shop\/95mm-variable-nd-for-tilta-mirage\/","title":{"rendered":"ND variable de 95 mm para Tilta Mirage"},"content":{"rendered":"<p>El ND Variable de 95 mm para Tilta Mirage se desarroll\u00f3 en estrecha colaboraci\u00f3n con fabricantes \u00f3pticos de primer nivel, el m\u00f3dulo VND admite m\u00faltiples configuraciones, siendo la m\u00e1s ligera de s\u00f3lo 130 g.<\/p>\n<p>Utilizando la nueva tecnolog\u00eda PL + CPL, el m\u00f3dulo VND puede producir colores precisos incluso a su m\u00e1xima densidad.<\/p>\n<p>El ND Variable se puede ajustar gradualmente, lo que te permite mantener una exposici\u00f3n constante cuando las condiciones de iluminaci\u00f3n cambian inesperadamente.<\/p>\n<p>El m\u00f3dulo lleva incorporados topes duros entre ND 0,3 ~ ND 2,7 para garantizar que no haya riesgo de que se produzca una sombra cruzada en X.<\/p>\n<p>El m\u00f3dulo VND puede controlarse de forma inal\u00e1mbrica mediante un micromotor opcional para ajustar a distancia el nivel de ND, lo que ofrece m\u00e1s flexibilidad al disparar.<\/p>\n","protected":false},"excerpt":{"rendered":"<p>El ND Variable de 95 mm para Tilta Mirage se desarroll\u00f3 en estrecha colaboraci\u00f3n con fabricantes \u00f3pticos de primer nivel, el m\u00f3dulo VND admite m\u00faltiples configuraciones, siendo la m\u00e1s ligera de s\u00f3lo 130 g. Utilizando la nueva tecnolog\u00eda PL + [&hellip;]<\/p>\n","protected":false},"featured_media":2007001,"comment_status":"closed","ping_status":"closed","template":"","meta":[],"product_cat":[2939],"product_tag":[],"acf":[],"gallery_images":[2007002],"_links":{"self":[{"href":"https:\/\/eu.tilta.com\/es\/wp-json\/wp\/v2\/product\/2007000"}],"collection":[{"href":"https:\/\/eu.tilta.com\/es\/wp-json\/wp\/v2\/product"}],"about":[{"href":"https:\/\/eu.tilta.com\/es\/wp-json\/wp\/v2\/types\/product"}],"replies":[{"embeddable":true,"href":"https:\/\/eu.tilta.com\/es\/wp-json\/wp\/v2\/comments?post=2007000"}],"wp:featuredmedia":[{"embeddable":true,"href":"https:\/\/eu.tilta.com\/es\/wp-json\/wp\/v2\/media\/2007001"}],"wp:attachment":[{"href":"https:\/\/eu.tilta.com\/es\/wp-json\/wp\/v2\/media?parent=2007000"}],"wp:term":[{"taxonomy":"product_cat","embeddable":true,"href":"https:\/\/eu.tilta.com\/es\/wp-json\/wp\/v2\/product_cat?post=2007000"},{"taxonomy":"product_tag","embeddable":true,"href":"https:\/\/eu.tilta.com\/es\/wp-json\/wp\/v2\/product_tag?post=2007000"}],"curies":[{"name":"wp","href":"https:\/\/api.w.org\/{rel}","templated":true}]}}