{"id":2007003,"date":"2021-09-13T13:09:29","date_gmt":"2021-09-13T11:09:29","guid":{"rendered":"https:\/\/de.tilta.com\/shop\/caja-mate-tilta-mirage\/"},"modified":"2026-04-30T10:43:41","modified_gmt":"2026-04-30T08:43:41","slug":"tilta-mirage-matte-box","status":"publish","type":"product","link":"https:\/\/eu.tilta.com\/es\/shop\/tilta-mirage-matte-box\/","title":{"rendered":"Caja mate Tilta Mirage"},"content":{"rendered":"<p><a href=\"https:\/\/tilta.com\/shop-for-tilta-mirage-on-amazon\/\"><img loading=\"lazy\" decoding=\"async\" class=\"alignnone size-full wp-image-1875424\" style=\"width: 250px;max-width: 100%\" src=\"https:\/\/de.tilta.com\/wp-content\/uploads\/2021\/09\/amazon-mirage.png\" alt=\"Comprar Mirage en Amazon\" width=\"909\" height=\"121\" srcset=\"https:\/\/static.tilta.com\/wp-content\/uploads\/2021\/09\/22131113\/amazon-mirage.png 909w, https:\/\/static.tilta.com\/wp-content\/uploads\/2021\/09\/22131113\/amazon-mirage-64x9.png 64w, https:\/\/static.tilta.com\/wp-content\/uploads\/2021\/09\/22131113\/amazon-mirage-300x40.png 300w, https:\/\/static.tilta.com\/wp-content\/uploads\/2021\/09\/22131113\/amazon-mirage-60x8.png 60w\" sizes=\"(max-width: 909px) 100vw, 909px\" \/><\/a><\/p>\n<hr>\n<p>Mirage es un nuevo sistema de matte box desarrollado para la \u00faltima era de los creadores de v\u00eddeo, de construcci\u00f3n ultraligera, dise\u00f1o modular multifuncional y soluci\u00f3n asequible para una producci\u00f3n de v\u00eddeo moderna y eficaz.<\/p>\n<p>Incorpora una nueva abrazadera est\u00e1ndar de 95 mm que se puede montar directamente en objetivos de cine cl\u00e1sicos como los Ultra Primes ARRI, Leica Summicron-C, etc., as\u00ed como adaptarse a objetivos DSLR y Mirrorless m\u00e1s accesibles, para apoyar a todos los creadores de v\u00eddeo<\/p>\n<p>Nuestro nuevo dise\u00f1o de filtro circular es m\u00e1s rentable gracias a su menor peso y tama\u00f1o, ya que s\u00f3lo pesa 1\/4 de un filtro tradicional de 4&#215;5,65.<\/p>\n<p>Heredado de la industria cinematogr\u00e1fica, el dise\u00f1o del filtro de cartucho sustituye al sistema convencional de filtro de rosca y puede instalarse r\u00e1pidamente con una sola prensa.<\/p>\n<p>El sistema admite una gran variedad de filtros circulares de efectos especiales, como patrones de estrellas, rayas multicolores, destellos anam\u00f3rficos, nieblas pro blanco y negro, y otros efectos de lente que pueden apoyar plenamente todos los aspectos de tu visi\u00f3n creativa para la producci\u00f3n de v\u00eddeo moderna.<\/p>\n<p>Con un m\u00f3dulo ND Variable de nuevo dise\u00f1o (opcional), desarrollado en estrecha colaboraci\u00f3n con fabricantes \u00f3pticos de primer nivel, el m\u00f3dulo VND admite m\u00faltiples configuraciones, siendo la m\u00e1s ligera de s\u00f3lo 130 g.<\/p>\n<p>Utilizando la nueva tecnolog\u00eda PL + CPL, el m\u00f3dulo VND puede producir colores precisos incluso a su m\u00e1xima densidad.<\/p>\n<p>El ND Variable se puede ajustar gradualmente, lo que te permite mantener una exposici\u00f3n constante cuando las condiciones de iluminaci\u00f3n cambian inesperadamente.<\/p>\n<p>El m\u00f3dulo lleva incorporados topes duros entre ND 0,3 ~ ND 2,7 para garantizar que no haya riesgo de que se produzca una sombra cruzada en X. Bas\u00e1ndose en el dise\u00f1o de la proporci\u00f3n \u00e1urea y la reproducci\u00f3n optimizada del color, para maximizar la funci\u00f3n ND nuestro ND variable tiene un eje mayor entre los elementos del filtro. Para evitar el vi\u00f1eteado, utiliza ND 0,3-2,1 para objetivos anchos y ND 2,1-2,7 para distancias focales superiores a 35 mm.<\/p>\n<p>El m\u00f3dulo VND se puede controlar de forma inal\u00e1mbrica mediante un micromotor para ajustar a distancia el nivel de ND, lo que ofrece m\u00e1s flexibilidad al disparar.<\/p>\n<p>El alcance inal\u00e1mbrico est\u00e1ndar es de 100 m y puede ampliarse a\u00fan m\u00e1s mediante un amplificador de se\u00f1al inal\u00e1mbrico para fotograf\u00eda a\u00e9rea (opcional).<\/p>\n<p>El Motor del VND puede controlarse con el nuevo Controlador Inal\u00e1mbrico (incluido en el Kit VND + Motor), as\u00ed como con los Sistemas de Follow Focus Inal\u00e1mbricos de la serie Nucleus de Tilta.<\/p>\n<p>El Mando Inal\u00e1mbrico se monta mediante un ra\u00edl OTAN y puede controlar el motor Nucleus M y Nano, as\u00ed como el Motor Inal\u00e1mbrico para Tilta Mirage.<\/p>\n<p>Si eliges el Kit VND, podr\u00e1s utilizar el soporte de montaje del motor Nucleus Nano incluido para fijar un motor Nucleus Nano directamente al m\u00f3dulo VND y ajustar la densidad de forma inal\u00e1mbrica. (accesorio opcional para otros kits)<\/p>\n<p>El cuerpo de la caja mate adopta un dise\u00f1o aerodin\u00e1mico con rejillas de ventilaci\u00f3n integradas que pueden reducir la resistencia al viento y garantizar la estabilidad al fotografiar sujetos a gran velocidad, mientras que el elemento protector frontal opcional puede proporcionar m\u00e1s seguridad a tus filtros.<\/p>\n<p>El dise\u00f1o modular admite muchas configuraciones creativas, incluido el uso de un protector adhesivo (opcional) que puede aplicarse a los filtros para evitar ara\u00f1azos y ayudar a eliminar los reflejos.<\/p>\n<p>Ampl\u00eda el soporte para filtros 4&#215;5,65 de la caja mate con bandejas de filtros apilables adicionales (opcionales) para conseguir looks creativos m\u00e1s avanzados. Se seguir\u00e1n lanzando m\u00e1s accesorios que ampliar\u00e1n a\u00fan m\u00e1s las posibilidades del sistema.<\/p>\n<p>La caja mate Tilta Mirage ofrece una experiencia de rodaje de nueva generaci\u00f3n, tanto si eres un solo operador como un equipo de producci\u00f3n profesional, la Mirage es la herramienta perfecta para la producci\u00f3n de v\u00eddeo moderna.<\/p>\n<p>La combinaci\u00f3n de elementos de dise\u00f1o \u00fanicos y opciones de configuraci\u00f3n vers\u00e1tiles puede ayudar a los creadores profesionales a conseguir estilos visuales sofisticados para expresar mejor sus visiones art\u00edsticas y producir looks de nivel industrial a un precio accesible.<\/p>\n<p><strong>ADVERTENCIA: No alimentes el motor mediante USB-C mientras est\u00e9 conectada la fuente de alimentaci\u00f3n 14500 (Kit VND Motorizado)  <\/strong><\/p>\n<p><strong>NOTA: El Motor Mirage puede funcionar con nuestras Asas de Enfoque Lateral, pero no controlarse con ellas.  <\/strong><\/p>\n","protected":false},"excerpt":{"rendered":"<p>Mirage es un nuevo sistema de matte box desarrollado para la \u00faltima era de los creadores de v\u00eddeo, de construcci\u00f3n ultraligera, dise\u00f1o modular multifuncional y soluci\u00f3n asequible para una producci\u00f3n de v\u00eddeo moderna y eficaz. Incorpora una nueva abrazadera est\u00e1ndar [&hellip;]<\/p>\n","protected":false},"featured_media":2007005,"comment_status":"closed","ping_status":"closed","template":"","meta":[],"product_cat":[3230,3899,3248,3386,2749,2737,2719,2812,2843,2844,2834,2842,2833,2831,2740,2735,2813,2814,2815,2816,2747,2839,2742,2817,2789,2829,2837,2739,2818,2790,2744,2830,2819,2820,2821,2822,2721,2746,3153,2738,2723,2823,2824,2836,2840,2835,2745,2832,2786,2736,2828,2734,2733,2725,2775,2825,2727,2728,2826,2827,2731,2729,2730,2939],"product_tag":[],"acf":[],"gallery_images":[2007006,2007007,2007008,2007009,2007010,2007011,2007012,2007013],"_links":{"self":[{"href":"https:\/\/eu.tilta.com\/es\/wp-json\/wp\/v2\/product\/2007003"}],"collection":[{"href":"https:\/\/eu.tilta.com\/es\/wp-json\/wp\/v2\/product"}],"about":[{"href":"https:\/\/eu.tilta.com\/es\/wp-json\/wp\/v2\/types\/product"}],"replies":[{"embeddable":true,"href":"https:\/\/eu.tilta.com\/es\/wp-json\/wp\/v2\/comments?post=2007003"}],"wp:featuredmedia":[{"embeddable":true,"href":"https:\/\/eu.tilta.com\/es\/wp-json\/wp\/v2\/media\/2007005"}],"wp:attachment":[{"href":"https:\/\/eu.tilta.com\/es\/wp-json\/wp\/v2\/media?parent=2007003"}],"wp:term":[{"taxonomy":"product_cat","embeddable":true,"href":"https:\/\/eu.tilta.com\/es\/wp-json\/wp\/v2\/product_cat?post=2007003"},{"taxonomy":"product_tag","embeddable":true,"href":"https:\/\/eu.tilta.com\/es\/wp-json\/wp\/v2\/product_tag?post=2007003"}],"curies":[{"name":"wp","href":"https:\/\/api.w.org\/{rel}","templated":true}]}}