{"id":2007070,"date":"2021-06-18T10:30:24","date_gmt":"2021-06-18T08:30:24","guid":{"rendered":"https:\/\/de.tilta.com\/shop\/kit-pro-del-sistema-de-montaje-para-coche-hydra-alien\/"},"modified":"2026-03-31T04:37:09","modified_gmt":"2026-03-31T02:37:09","slug":"hydra-alien-car-mounting-system-pro-kit","status":"publish","type":"product","link":"https:\/\/eu.tilta.com\/es\/shop\/hydra-alien-car-mounting-system-pro-kit\/","title":{"rendered":"Kit Pro del Sistema de Montaje para Coche Hydra Alien"},"content":{"rendered":"<p><strong>El Kit Pro incluye el <a href=\"https:\/\/de.tilta.com\/shop\/hydra-alien-car-mounting-system\/\">Sistema de Montaje en Coche Hydra<\/a> <a href=\"https:\/\/de.tilta.com\/shop\/hydra-alien-monitor-bracket\/\">Alien<\/a>, adem\u00e1s del <a href=\"https:\/\/de.tilta.com\/shop\/remote-control-kit-for-rs-2\/\">Kit de Mando a Distancia <\/a> y el <a href=\"https:\/\/de.tilta.com\/shop\/hydra-alien-monitor-bracket\/\">Soporte para Monitor Hydra Alien.<\/a><\/strong><\/p>\n<p>El Kit Hydra Alien Pro ofrece un paquete completo para un montaje flexible en el coche, al tiempo que incluye accesorios adicionales para ofrecer un control m\u00e1s preciso y una mayor facilidad de uso.<\/p>\n<p>El Kit Pro incluye el Kit de Control Remoto, que ofrece un control completo con cable o inal\u00e1mbrico del DJI RS2 o RS3 Pro, e incluye el Soporte para Monitor Alien\u00edgena Hydra, que facilita la supervisi\u00f3n de tus grabaciones mientras controlas el Ronin.<\/p>\n<p>El sistema de montaje en autom\u00f3vil Hydra Alien se dise\u00f1\u00f3 desde cero para que funcionara junto con cardanes m\u00e1s peque\u00f1os y permitiera una soluci\u00f3n ligera para la cinematograf\u00eda montada en autom\u00f3viles.<\/p>\n<p>El sistema utiliza una combinaci\u00f3n altamente personalizable de placas en forma de cola de milano y ventosas que pueden soportar una carga \u00fatil de 50 kg cada una.<\/p>\n<p>La silicona amortiguadora altamente el\u00e1stica proporciona mayor durabilidad y menos abrasi\u00f3n, mientras que los \u00e9mbolos de ventosa actualizados crean un sellado m\u00e1s fuerte para mejorar la seguridad en climas m\u00e1s fr\u00edos.<\/p>\n<p>Cuando est\u00e1 interconectado, el sistema permite a los usuarios ajustar la colocaci\u00f3n exacta de su toma para conseguir casi cualquier \u00e1ngulo posible al montarlo en un veh\u00edculo.<\/p>\n<p>El sistema tambi\u00e9n utiliza un brazo amortiguador para estabilizar mejor la c\u00e1mara en determinadas tomas, as\u00ed como una cabeza de cuna con resorte si la toma prevista requiere que el card\u00e1n se ponga boca abajo.<\/p>\n<p>La nueva p\u00e9rtiga de amortiguaci\u00f3n hidr\u00e1ulica estabiliza a\u00fan m\u00e1s el brazo para ofrecer resultados m\u00e1s suaves cuando las condiciones de conducci\u00f3n no son \u00f3ptimas.<\/p>\n<p>El Hydra Alien admite el control inal\u00e1mbrico total del RS2 y el RS3 Pro mediante el Kit de Control Remoto incluido, que te permite controlar los ajustes de tu card\u00e1n, as\u00ed como las funciones de grabaci\u00f3n y fotograf\u00eda de tu c\u00e1mara a trav\u00e9s de una conexi\u00f3n por cable o inal\u00e1mbrica.<\/p>\n<p>Tambi\u00e9n incluye un thumbstick que te permite controlar el giro y la inclinaci\u00f3n de tu card\u00e1n para conseguir la m\u00e1xima precisi\u00f3n mientras lo manejas.<\/p>\n<p>La nueva funda de seguridad r\u00edgida est\u00e1 dise\u00f1ada para guardar y proteger la Hydra Alien.<\/p>\n<p>Esto te permite transportar con seguridad el sistema entre lugares de rodaje y guardarlo ordenadamente cuando no lo utilices.<\/p>\n<p>El dise\u00f1o impermeable protege la funda y el equipo de peligros como la lluvia y la nieve.<\/p>\n<p>Este malet\u00edn funciona como sustituto del que se incluye con la Hydra Alien, pero tambi\u00e9n puede utilizarse para guardar otros equipos si es necesario.<\/p>\n<p>Alta, baja. A un lado del coche, montada encima de \u00e9l: casi cualquier toma montada en un coche puede configurarse utilizando el Sistema de Montaje en Coche Hydra Alien. \u00a1Deja volar tu imaginaci\u00f3n!<\/p>\n<p><strong>NOTA: Este sistema admite cualquier card\u00e1n que pueda montarse mediante tornillos de 1\/4\u2033-20 y alimentarse mediante P-Tap.  <\/strong><strong>El Asa del Telemando s\u00f3lo es compatible con el RS2 y el RS3 Pro.  <\/strong><\/p>\n<p><strong>PRECAUCI\u00d3N: No recomendamos utilizar las ventosas en veh\u00edculos envueltos debido a problemas de succi\u00f3n relacionados con la luz solar directa y el calor.  <\/strong><\/p>\n<p><strong>RS3\/RS3 Pro: La Tecla M NO es capaz de imitar la funci\u00f3n del card\u00e1n. La Tecla M de esta unidad S\u00d3LO puede cambiar la configuraci\u00f3n del Modo.<\/strong><\/p>\n","protected":false},"excerpt":{"rendered":"<p>El Kit Pro incluye el Sistema de Montaje en Coche Hydra Alien, adem\u00e1s del Kit de Mando a Distancia y el Soporte para Monitor Hydra Alien. El Kit Hydra Alien Pro ofrece un paquete completo para un montaje flexible en [&hellip;]<\/p>\n","protected":false},"featured_media":0,"comment_status":"closed","ping_status":"closed","template":"","meta":[],"product_cat":[2718,2720],"product_tag":[],"acf":[],"gallery_images":[1563865,1563759,1565050,1565051,1565052,1565053,1565054],"_links":{"self":[{"href":"https:\/\/eu.tilta.com\/es\/wp-json\/wp\/v2\/product\/2007070"}],"collection":[{"href":"https:\/\/eu.tilta.com\/es\/wp-json\/wp\/v2\/product"}],"about":[{"href":"https:\/\/eu.tilta.com\/es\/wp-json\/wp\/v2\/types\/product"}],"replies":[{"embeddable":true,"href":"https:\/\/eu.tilta.com\/es\/wp-json\/wp\/v2\/comments?post=2007070"}],"wp:attachment":[{"href":"https:\/\/eu.tilta.com\/es\/wp-json\/wp\/v2\/media?parent=2007070"}],"wp:term":[{"taxonomy":"product_cat","embeddable":true,"href":"https:\/\/eu.tilta.com\/es\/wp-json\/wp\/v2\/product_cat?post=2007070"},{"taxonomy":"product_tag","embeddable":true,"href":"https:\/\/eu.tilta.com\/es\/wp-json\/wp\/v2\/product_tag?post=2007070"}],"curies":[{"name":"wp","href":"https:\/\/api.w.org\/{rel}","templated":true}]}}