{"id":2007090,"date":"2021-06-03T14:36:28","date_gmt":"2021-06-03T12:36:28","guid":{"rendered":"https:\/\/de.tilta.com\/shop\/soporte-de-extension-evf-tilta\/"},"modified":"2025-12-05T13:40:13","modified_gmt":"2025-12-05T12:40:13","slug":"tiltaing-evf-extension-bracket","status":"publish","type":"product","link":"https:\/\/eu.tilta.com\/es\/shop\/tiltaing-evf-extension-bracket\/","title":{"rendered":"Soporte de extensi\u00f3n EVF Tilta"},"content":{"rendered":"<p>Este extensor de visor te permite montar el visor de la BMPCC 6K Pro m\u00e1s lejos del cuerpo de la c\u00e1mara, lo que aumenta la flexibilidad de manejo.<\/p>\n<p>El Extensor utiliza el ra\u00edl NATO del lado izquierdo de la Jaula de C\u00e1mara Completa para BMPCC 6K Pro. A continuaci\u00f3n, puede fijarse mediante una rosca de \u00bc&#8221;-20.<\/p>\n<p>A continuaci\u00f3n, el extensor puede ajustarse a varias longitudes y dispone de varios ejes giratorios que permiten diversas opciones de posicionamiento.<\/p>\n<p>Esto es incre\u00edblemente \u00fatil cuando se dispara en entornos exteriores luminosos, o cuando se utiliza un aparejo de hombro como nuestros <a href=\"https:\/\/de.tilta.com\/shop\/15mm-dovetail-shoulder-mount-system-tt0506-a15\/\">Sistemas de Montura de Hombro Dovetail<\/a>.<\/p>\n<p><strong>NOTA: El cable de extensi\u00f3n del EVF no est\u00e1 incluido<\/strong><\/p>\n","protected":false},"excerpt":{"rendered":"<p>Este extensor de visor te permite montar el visor de la BMPCC 6K Pro m\u00e1s lejos del cuerpo de la c\u00e1mara, lo que aumenta la flexibilidad de manejo. El Extensor utiliza el ra\u00edl NATO del lado izquierdo de la Jaula [&hellip;]<\/p>\n","protected":false},"featured_media":0,"comment_status":"closed","ping_status":"closed","template":"","meta":[],"product_cat":[2737],"product_tag":[],"acf":[],"gallery_images":[],"_links":{"self":[{"href":"https:\/\/eu.tilta.com\/es\/wp-json\/wp\/v2\/product\/2007090"}],"collection":[{"href":"https:\/\/eu.tilta.com\/es\/wp-json\/wp\/v2\/product"}],"about":[{"href":"https:\/\/eu.tilta.com\/es\/wp-json\/wp\/v2\/types\/product"}],"replies":[{"embeddable":true,"href":"https:\/\/eu.tilta.com\/es\/wp-json\/wp\/v2\/comments?post=2007090"}],"wp:attachment":[{"href":"https:\/\/eu.tilta.com\/es\/wp-json\/wp\/v2\/media?parent=2007090"}],"wp:term":[{"taxonomy":"product_cat","embeddable":true,"href":"https:\/\/eu.tilta.com\/es\/wp-json\/wp\/v2\/product_cat?post=2007090"},{"taxonomy":"product_tag","embeddable":true,"href":"https:\/\/eu.tilta.com\/es\/wp-json\/wp\/v2\/product_tag?post=2007090"}],"curies":[{"name":"wp","href":"https:\/\/api.w.org\/{rel}","templated":true}]}}