{"id":2007127,"date":"2021-06-02T12:35:43","date_gmt":"2021-06-02T10:35:43","guid":{"rendered":"https:\/\/de.tilta.com\/shop\/soporte-de-varilla-de-15-mm-para-bmpcc-6k-pro-g2\/"},"modified":"2026-02-16T09:03:17","modified_gmt":"2026-02-16T08:03:17","slug":"15mm-rod-holder-for-bmpcc-6k-pro","status":"publish","type":"product","link":"https:\/\/eu.tilta.com\/es\/shop\/15mm-rod-holder-for-bmpcc-6k-pro\/","title":{"rendered":"Soporte de varilla de 15 mm para BMPCC 6K Pro\/G2"},"content":{"rendered":"<p>Este soporte para ca\u00f1as de 15 mm puede instalarse para sostener ca\u00f1as de 15 mm cuando se utiliza la empu\u00f1adura de bater\u00eda en la configuraci\u00f3n de media jaula mediante la placa inferior extendida.<\/p>\n<p>Esto te permite montar accesorios basados en varillas delante del cuerpo de la c\u00e1mara, como <a href=\"https:\/\/de.tilta.com\/product-category\/matte-boxes\/\">matte boxes,<\/a> <a href=\"https:\/\/de.tilta.com\/product-category\/lens-control-systems\/\">sistemas de seguimiento de enfoque <\/a>o <a href=\"https:\/\/de.tilta.com\/product-category\/accessories\/lens-supports\/\">soportes de objetivo<\/a>.<\/p>\n<p>Este soporte para ca\u00f1as se fija al soporte de extensi\u00f3n de media jaula mediante un tornillo de 1\/4&#8243;-20 y pasadores de fijaci\u00f3n que proporcionan una conexi\u00f3n segura a la vez que evitan la rotaci\u00f3n no deseada.<\/p>\n","protected":false},"excerpt":{"rendered":"<p>Este soporte para ca\u00f1as de 15 mm puede instalarse para sostener ca\u00f1as de 15 mm cuando se utiliza la empu\u00f1adura de bater\u00eda en la configuraci\u00f3n de media jaula mediante la placa inferior extendida. Esto te permite montar accesorios basados en [&hellip;]<\/p>\n","protected":false},"featured_media":0,"comment_status":"closed","ping_status":"closed","template":"","meta":[],"product_cat":[4448,2749,2737,2943],"product_tag":[],"acf":[],"gallery_images":[1800058],"_links":{"self":[{"href":"https:\/\/eu.tilta.com\/es\/wp-json\/wp\/v2\/product\/2007127"}],"collection":[{"href":"https:\/\/eu.tilta.com\/es\/wp-json\/wp\/v2\/product"}],"about":[{"href":"https:\/\/eu.tilta.com\/es\/wp-json\/wp\/v2\/types\/product"}],"replies":[{"embeddable":true,"href":"https:\/\/eu.tilta.com\/es\/wp-json\/wp\/v2\/comments?post=2007127"}],"wp:attachment":[{"href":"https:\/\/eu.tilta.com\/es\/wp-json\/wp\/v2\/media?parent=2007127"}],"wp:term":[{"taxonomy":"product_cat","embeddable":true,"href":"https:\/\/eu.tilta.com\/es\/wp-json\/wp\/v2\/product_cat?post=2007127"},{"taxonomy":"product_tag","embeddable":true,"href":"https:\/\/eu.tilta.com\/es\/wp-json\/wp\/v2\/product_tag?post=2007127"}],"curies":[{"name":"wp","href":"https:\/\/api.w.org\/{rel}","templated":true}]}}