{"id":2007133,"date":"2021-05-28T14:30:44","date_gmt":"2021-05-28T12:30:44","guid":{"rendered":"https:\/\/de.tilta.com\/shop\/kit-basico-tilta-sony-a1\/"},"modified":"2025-12-05T13:40:28","modified_gmt":"2025-12-05T12:40:28","slug":"tiltaing-sony-a1-basic-kit","status":"publish","type":"product","link":"https:\/\/eu.tilta.com\/es\/shop\/tiltaing-sony-a1-basic-kit\/","title":{"rendered":"Kit b\u00e1sico Tilta Sony a1"},"content":{"rendered":"<p>Este Kit B\u00e1sico proporciona un blindaje protector para la Sony a1, a7S III, a7R III, a7R IV, a7 III e incluye algunos accesorios b\u00e1sicos para mejorar la funcionalidad de la c\u00e1mara.<\/p>\n<p>La Jaula Completa incorpora varias roscas de 3\/8&#8243;-16 y 1\/4&#8243;-20 con pasadores de fijaci\u00f3n, receptores de zapata fr\u00eda y un ra\u00edl OTAN para empu\u00f1aduras laterales de tipo IV y VI.<\/p>\n<p>Tambi\u00e9n incorpora una conexi\u00f3n de roseta compatible con ARRI, as\u00ed como puertos de fijaci\u00f3n de ca\u00f1as para nuestros <a href=\"https:\/\/de.tilta.com\/product-category\/accessories\/rod-rod-holders\/\">portaca\u00f1as individuales<\/a> opcionales.<\/p>\n<p>La roseta est\u00e1 dise\u00f1ada espec\u00edficamente para nuestra <a href=\"https:\/\/de.tilta.com\/shop\/tiltaing-adjustable-top-handle\/\">Asa Superior Ajustable<\/a>, para un manejo y una manipulaci\u00f3n m\u00e1s flexibles.<\/p>\n<p>El asa superior de liberaci\u00f3n r\u00e1pida incluida se puede acoplar a la jaula para proporcionar diferentes formas de manejar c\u00f3modamente la configuraci\u00f3n de tu c\u00e1mara.<\/p>\n<p>La empu\u00f1adura incluye dos receptores de <a href=\"https:\/\/de.tilta.com\/shop\/tiltaing-adjustable-cold-shoe-accessory-mounting-bracket\/\">zapata<\/a> fr\u00eda que pueden utilizarse para montar un monitor externo mediante nuestro <a href=\"https:\/\/de.tilta.com\/shop\/tiltaing-adjustable-cold-shoe-accessory-mounting-bracket\/\">soporte de montaje de accesorios de zapata fr\u00eda<\/a>.<\/p>\n<p>Esta empu\u00f1adura tambi\u00e9n incorpora un soporte para varilla de 15 mm que te permite fijar una varilla perpendicular a la empu\u00f1adura para EVF o monturas de monitor que utilicen varillas de 15 mm.<\/p>\n<p>La placa inferior proporciona roscas de 1\/4\u2033-20 para fijar tu c\u00e1mara a varias placas <a href=\"https:\/\/de.tilta.com\/shop\/15mm-lws-baseplate-type-ii\/\">de<\/a> liberaci\u00f3n r\u00e1pida y es compatible con la <a href=\"https:\/\/de.tilta.com\/shop\/15mm-lws-baseplate-type-ii\/\">placa base LWS de 15 mm Tipo II<\/a>.<\/p>\n<p>La abrazadera HDMI se fija al lateral de la jaula y te permite sujetar con seguridad el cable HDMI macho a HDMI hembra incluido en tu sistema.<\/p>\n<p>Esta abrazadera puede ayudar a evitar que tu cable HDMI se suelte mientras disparas y puede ayudar a proteger el puerto del cuerpo de tu c\u00e1mara.<\/p>\n<p>Esto puede ser especialmente \u00fatil cuando se utiliza una grabadora externa.<\/p>\n","protected":false},"excerpt":{"rendered":"<p>Este Kit B\u00e1sico proporciona un blindaje protector para la Sony a1, a7S III, a7R III, a7R IV, a7 III e incluye algunos accesorios b\u00e1sicos para mejorar la funcionalidad de la c\u00e1mara. La Jaula Completa incorpora varias roscas de 3\/8&#8243;-16 y [&hellip;]<\/p>\n","protected":false},"featured_media":0,"comment_status":"closed","ping_status":"closed","template":"","meta":[],"product_cat":[2736],"product_tag":[],"acf":[],"gallery_images":[1466987,1466988],"_links":{"self":[{"href":"https:\/\/eu.tilta.com\/es\/wp-json\/wp\/v2\/product\/2007133"}],"collection":[{"href":"https:\/\/eu.tilta.com\/es\/wp-json\/wp\/v2\/product"}],"about":[{"href":"https:\/\/eu.tilta.com\/es\/wp-json\/wp\/v2\/types\/product"}],"replies":[{"embeddable":true,"href":"https:\/\/eu.tilta.com\/es\/wp-json\/wp\/v2\/comments?post=2007133"}],"wp:attachment":[{"href":"https:\/\/eu.tilta.com\/es\/wp-json\/wp\/v2\/media?parent=2007133"}],"wp:term":[{"taxonomy":"product_cat","embeddable":true,"href":"https:\/\/eu.tilta.com\/es\/wp-json\/wp\/v2\/product_cat?post=2007133"},{"taxonomy":"product_tag","embeddable":true,"href":"https:\/\/eu.tilta.com\/es\/wp-json\/wp\/v2\/product_tag?post=2007133"}],"curies":[{"name":"wp","href":"https:\/\/api.w.org\/{rel}","templated":true}]}}