{"id":2007139,"date":"2021-05-28T14:28:53","date_gmt":"2021-05-28T12:28:53","guid":{"rendered":"https:\/\/de.tilta.com\/shop\/kit-tilta-sony-a1-pro\/"},"modified":"2025-12-05T13:40:56","modified_gmt":"2025-12-05T12:40:56","slug":"tiltaing-sony-a1-pro-kit","status":"publish","type":"product","link":"https:\/\/eu.tilta.com\/es\/shop\/tiltaing-sony-a1-pro-kit\/","title":{"rendered":"Kit Tilta Sony a1 Pro"},"content":{"rendered":"<p>Este Kit Pro proporciona un blindaje protector para la Sony a1, a7S III, a7R III, a7R IV, a7 III e incluye muchos accesorios relevantes para mejorar en gran medida la funcionalidad de la c\u00e1mara.<\/p>\n<p>La Jaula Completa incorpora varias roscas de 3\/8\u2033-16 y 1\/4&#8243;-20 con pasadores de fijaci\u00f3n, receptores de zapata fr\u00eda y un ra\u00edl OTAN para empu\u00f1aduras laterales de tipo IV y VI.<\/p>\n<p>Tambi\u00e9n incorpora una conexi\u00f3n de roseta compatible con ARRI, as\u00ed como puertos de fijaci\u00f3n de ca\u00f1as para nuestros <a href=\"https:\/\/de.tilta.com\/product-category\/accessories\/rod-rod-holders\/\">portaca\u00f1as individuales<\/a> opcionales.<\/p>\n<p>La roseta est\u00e1 dise\u00f1ada espec\u00edficamente para nuestra <a href=\"https:\/\/de.tilta.com\/shop\/tiltaing-adjustable-top-handle\/\">Asa Superior Ajustable<\/a>, para un manejo y una manipulaci\u00f3n m\u00e1s flexibles.<\/p>\n<p>El asa superior de liberaci\u00f3n r\u00e1pida incluida se puede acoplar a la jaula para proporcionar diferentes formas de manejar c\u00f3modamente la configuraci\u00f3n de tu c\u00e1mara.<\/p>\n<p>La empu\u00f1adura superior incluye dos receptores de <a href=\"https:\/\/de.tilta.com\/shop\/tiltaing-adjustable-cold-shoe-accessory-mounting-bracket\/\">zapata<\/a> fr\u00eda que pueden utilizarse para montar un monitor externo mediante nuestro <a href=\"https:\/\/de.tilta.com\/shop\/tiltaing-adjustable-cold-shoe-accessory-mounting-bracket\/\">soporte de montaje de accesorios de zapata fr\u00eda<\/a>.<\/p>\n<p>Esta empu\u00f1adura tambi\u00e9n incorpora un soporte de varilla de 15 mm que puede fijar una varilla perpendicular a la empu\u00f1adura para EVF o monturas de monitor que utilicen una varilla de 15 mm.<\/p>\n<p>La placa inferior proporciona roscas de 1\/4\u2033-20 para fijar tu c\u00e1mara a varias placas de liberaci\u00f3n r\u00e1pida y tambi\u00e9n se conecta a la placa base de 15 mm incluida.<\/p>\n<p>La placa base LWS de 15 mm tipo II a\u00f1ade soporte de varilla de 15 mm al sistema y te permite montar accesorios basados en varillas, como <a href=\"https:\/\/de.tilta.com\/product-category\/matte-boxes\/\">cajas de mate<\/a> y <a href=\"https:\/\/de.tilta.com\/product-category\/lens-control-systems\/\">sistemas de seguimiento de enfoque<\/a>.<\/p>\n<p>La parte inferior de la placa base se conecta de forma nativa a nuestras <a href=\"https:\/\/de.tilta.com\/shop\/10-lightweight-dovetail-plate-tt-c16\/\">colas de milano est\u00e1ndar Tilta<\/a> y tambi\u00e9n admite varias placas de liberaci\u00f3n r\u00e1pida mediante roscas de 1\/4\u2033-20 y 3\/8\u2033-16.<\/p>\n<p>El asa de potencia avanzada incluida se monta en el lado izquierdo de la jaula mediante una conexi\u00f3n de ra\u00edl OTAN.<\/p>\n<p>Esta empu\u00f1adura cuenta con un puerto Micro DC de 12 V (3,5\/1,35 mm) y un puerto USB-C de 8 V para alimentar el cuerpo de tu c\u00e1mara u otros accesorios como nuestro <a href=\"https:\/\/de.tilta.com\/shop\/nucleus-nano-wireless-lens-control-system\/\">Sistema inal\u00e1mbrico de control del objetivo Nucleus Nano<\/a>.<\/p>\n<p>La empu\u00f1adura tambi\u00e9n puede controlar la Parada de Marcha mediante un Cable de Parada de Marcha incluido.<\/p>\n<p>La rotaci\u00f3n de la empu\u00f1adura y la correa de mano adicional permiten un manejo c\u00f3modo y flexible de tu sistema fotogr\u00e1fico cuando disparas c\u00e1mara en mano.<\/p>\n<p>La abrazadera HDMI se fija al lateral de la jaula y te permite sujetar con seguridad el cable HDMI macho a HDMI hembra incluido en tu sistema.<\/p>\n<p>Esta abrazadera puede ayudar a evitar que tu cable HDMI se suelte mientras disparas y puede ayudar a proteger el puerto del cuerpo de tu c\u00e1mara.<\/p>\n<p>Esto puede ser especialmente \u00fatil cuando se utiliza una grabadora externa.<\/p>\n","protected":false},"excerpt":{"rendered":"<p>Este Kit Pro proporciona un blindaje protector para la Sony a1, a7S III, a7R III, a7R IV, a7 III e incluye muchos accesorios relevantes para mejorar en gran medida la funcionalidad de la c\u00e1mara. La Jaula Completa incorpora varias roscas [&hellip;]<\/p>\n","protected":false},"featured_media":0,"comment_status":"closed","ping_status":"closed","template":"","meta":[],"product_cat":[2736],"product_tag":[],"acf":[],"gallery_images":[1466944,1466945],"_links":{"self":[{"href":"https:\/\/eu.tilta.com\/es\/wp-json\/wp\/v2\/product\/2007139"}],"collection":[{"href":"https:\/\/eu.tilta.com\/es\/wp-json\/wp\/v2\/product"}],"about":[{"href":"https:\/\/eu.tilta.com\/es\/wp-json\/wp\/v2\/types\/product"}],"replies":[{"embeddable":true,"href":"https:\/\/eu.tilta.com\/es\/wp-json\/wp\/v2\/comments?post=2007139"}],"wp:attachment":[{"href":"https:\/\/eu.tilta.com\/es\/wp-json\/wp\/v2\/media?parent=2007139"}],"wp:term":[{"taxonomy":"product_cat","embeddable":true,"href":"https:\/\/eu.tilta.com\/es\/wp-json\/wp\/v2\/product_cat?post=2007139"},{"taxonomy":"product_tag","embeddable":true,"href":"https:\/\/eu.tilta.com\/es\/wp-json\/wp\/v2\/product_tag?post=2007139"}],"curies":[{"name":"wp","href":"https:\/\/api.w.org\/{rel}","templated":true}]}}