{"id":2007146,"date":"2021-05-28T14:27:01","date_gmt":"2021-05-28T12:27:01","guid":{"rendered":"https:\/\/de.tilta.com\/shop\/jaula-completa-para-sony-a1\/"},"modified":"2025-12-05T13:41:15","modified_gmt":"2025-12-05T12:41:15","slug":"full-camera-cage-for-sony-a1","status":"publish","type":"product","link":"https:\/\/eu.tilta.com\/es\/shop\/full-camera-cage-for-sony-a1\/","title":{"rendered":"Jaula completa para Sony a1"},"content":{"rendered":"<p>Esta Jaula para c\u00e1mara completa proporciona un blindaje protector para las c\u00e1maras Sony a1, a7S III, a7R III, a7R IV y a7 III, y te permite fijar diferentes accesorios para mejorar la funcionalidad de la c\u00e1mara.<\/p>\n<p>La Jaula Completa incorpora varias roscas de 3\/8\u2033-16 y 1\/4&#8243;-20 con pasadores de fijaci\u00f3n, receptores de zapata fr\u00eda y un ra\u00edl OTAN para empu\u00f1aduras laterales de tipo IV y VI.<\/p>\n<p>Tambi\u00e9n incorpora una conexi\u00f3n de roseta compatible con ARRI, as\u00ed como puertos de fijaci\u00f3n de ca\u00f1as para nuestros portaca\u00f1as individuales opcionales.<\/p>\n<p>La roseta est\u00e1 dise\u00f1ada espec\u00edficamente para nuestra Asa Superior Ajustable, para un manejo y una manipulaci\u00f3n m\u00e1s flexibles.<\/p>\n<p>La placa inferior proporciona roscas de 1\/4\u2033-20 para fijar tu c\u00e1mara a varias placas de liberaci\u00f3n r\u00e1pida y es compatible con la placa base LWS de 15 mm Tipo II.<\/p>\n<p>El destornillador ranurado incluido te permite montar o desmontar r\u00e1pidamente la jaula y los distintos accesorios. Tambi\u00e9n se fija c\u00f3modamente a la parte inferior de la jaula para guardarla.<\/p>\n<p>La placa de liberaci\u00f3n r\u00e1pida Manfrotto te permite fijar f\u00e1cilmente el sistema a cualquier receptor o cabeza de tr\u00edpode compatible con Manfrotto.<\/p>\n<p>&nbsp;<\/p>\n","protected":false},"excerpt":{"rendered":"<p>Esta Jaula para c\u00e1mara completa proporciona un blindaje protector para las c\u00e1maras Sony a1, a7S III, a7R III, a7R IV y a7 III, y te permite fijar diferentes accesorios para mejorar la funcionalidad de la c\u00e1mara. La Jaula Completa incorpora [&hellip;]<\/p>\n","protected":false},"featured_media":0,"comment_status":"closed","ping_status":"closed","template":"","meta":[],"product_cat":[2736],"product_tag":[],"acf":[],"gallery_images":[1466881,1466884],"_links":{"self":[{"href":"https:\/\/eu.tilta.com\/es\/wp-json\/wp\/v2\/product\/2007146"}],"collection":[{"href":"https:\/\/eu.tilta.com\/es\/wp-json\/wp\/v2\/product"}],"about":[{"href":"https:\/\/eu.tilta.com\/es\/wp-json\/wp\/v2\/types\/product"}],"replies":[{"embeddable":true,"href":"https:\/\/eu.tilta.com\/es\/wp-json\/wp\/v2\/comments?post=2007146"}],"wp:attachment":[{"href":"https:\/\/eu.tilta.com\/es\/wp-json\/wp\/v2\/media?parent=2007146"}],"wp:term":[{"taxonomy":"product_cat","embeddable":true,"href":"https:\/\/eu.tilta.com\/es\/wp-json\/wp\/v2\/product_cat?post=2007146"},{"taxonomy":"product_tag","embeddable":true,"href":"https:\/\/eu.tilta.com\/es\/wp-json\/wp\/v2\/product_tag?post=2007146"}],"curies":[{"name":"wp","href":"https:\/\/api.w.org\/{rel}","templated":true}]}}