{"id":2007168,"date":"2021-05-17T15:16:18","date_gmt":"2021-05-17T13:16:18","guid":{"rendered":"https:\/\/de.tilta.com\/shop\/placa-base-tilta-15mm-lws-tipo-v-negra\/"},"modified":"2025-12-05T13:40:56","modified_gmt":"2025-12-05T12:40:56","slug":"tiltaing-15mm-lws-baseplate-type-v-black","status":"publish","type":"product","link":"https:\/\/eu.tilta.com\/es\/shop\/tiltaing-15mm-lws-baseplate-type-v-black\/","title":{"rendered":"Placa base Tilta 15mm LWS Tipo V &#8211; Negra"},"content":{"rendered":"<p>La placa base LWS de 15 mm a\u00f1ade soporte para varillas de 15 mm y te permite montar accesorios basados en varillas, como <a href=\"https:\/\/de.tilta.com\/product-category\/matte-boxes\/\">cajas de mate<\/a> y <a href=\"https:\/\/de.tilta.com\/product-category\/lens-control-systems\/\">sistemas de seguimiento de enfoque<\/a>.<\/p>\n<p>El perfil bajo de esta placa base se dise\u00f1\u00f3 espec\u00edficamente para adaptarse a la altura \u00fanica de la Canon C70.<\/p>\n<p>La parte inferior de la placa base se conecta de forma nativa a nuestras colas de <a href=\"https:\/\/de.tilta.com\/shop\/10-lightweight-dovetail-plate-tt-c16\/\">milano<\/a> <a href=\"https:\/\/de.tilta.com\/shop\/19mm-tilta-studio-multi-functional-baseplate-tt-c06-d\/\">est\u00e1ndar Tilta<\/a> o est\u00e1ndar ARRI mediante nuestra <a href=\"https:\/\/de.tilta.com\/shop\/19mm-tilta-studio-multi-functional-baseplate-tt-c06-d\/\">placa base multifunci\u00f3n de est\u00e1ndar Tilta a est\u00e1ndar Arri<\/a><\/p>\n<p>Esta placa base tambi\u00e9n admite placas de liberaci\u00f3n r\u00e1pida de terceros mediante roscas de 1\/4\u2033-20 y 3\/8\u2033-16.<\/p>\n<p>Ten en cuenta: la placa base LWS de 15 mm tipo V presenta soportes de varilla delanteros y traseros separados que no est\u00e1n conectados.<\/p>\n","protected":false},"excerpt":{"rendered":"<p>La placa base LWS de 15 mm a\u00f1ade soporte para varillas de 15 mm y te permite montar accesorios basados en varillas, como cajas de mate y sistemas de seguimiento de enfoque. El perfil bajo de esta placa base se [&hellip;]<\/p>\n","protected":false},"featured_media":0,"comment_status":"closed","ping_status":"closed","template":"","meta":[],"product_cat":[2735,2877],"product_tag":[],"acf":[],"gallery_images":[1382456,1382460,1408438],"_links":{"self":[{"href":"https:\/\/eu.tilta.com\/es\/wp-json\/wp\/v2\/product\/2007168"}],"collection":[{"href":"https:\/\/eu.tilta.com\/es\/wp-json\/wp\/v2\/product"}],"about":[{"href":"https:\/\/eu.tilta.com\/es\/wp-json\/wp\/v2\/types\/product"}],"replies":[{"embeddable":true,"href":"https:\/\/eu.tilta.com\/es\/wp-json\/wp\/v2\/comments?post=2007168"}],"wp:attachment":[{"href":"https:\/\/eu.tilta.com\/es\/wp-json\/wp\/v2\/media?parent=2007168"}],"wp:term":[{"taxonomy":"product_cat","embeddable":true,"href":"https:\/\/eu.tilta.com\/es\/wp-json\/wp\/v2\/product_cat?post=2007168"},{"taxonomy":"product_tag","embeddable":true,"href":"https:\/\/eu.tilta.com\/es\/wp-json\/wp\/v2\/product_tag?post=2007168"}],"curies":[{"name":"wp","href":"https:\/\/api.w.org\/{rel}","templated":true}]}}