{"id":2007170,"date":"2021-05-05T15:38:40","date_gmt":"2021-05-05T13:38:40","guid":{"rendered":"https:\/\/de.tilta.com\/shop\/funda-de-seguridad-impermeable-de-carcasa-rigida-para-montaje-en-coche-hydra-alien\/"},"modified":"2025-12-05T13:40:57","modified_gmt":"2025-12-05T12:40:57","slug":"hydra-alien-car-mounting-hard-shell-waterproof-safety-case","status":"publish","type":"product","link":"https:\/\/eu.tilta.com\/es\/shop\/hydra-alien-car-mounting-hard-shell-waterproof-safety-case\/","title":{"rendered":"Funda de seguridad impermeable de carcasa r\u00edgida para montaje en coche Hydra Alien"},"content":{"rendered":"<p>Esta funda de seguridad r\u00edgida est\u00e1 dise\u00f1ada para guardar y proteger la Hydra Alien.<\/p>\n<p>Esto te permite transportar con seguridad el sistema entre lugares de rodaje y guardarlo ordenadamente cuando no lo utilices.<\/p>\n<p>El dise\u00f1o impermeable protege la funda y el equipo de peligros como la lluvia y la nieve.<\/p>\n<p>Este malet\u00edn funciona como sustituto del que se incluye con la Hydra Alien, pero tambi\u00e9n puede utilizarse para guardar otros equipos si es necesario.<\/p>\n<p>&nbsp;<\/p>\n<p>&nbsp;<\/p>\n","protected":false},"excerpt":{"rendered":"<p>Esta funda de seguridad r\u00edgida est\u00e1 dise\u00f1ada para guardar y proteger la Hydra Alien. Esto te permite transportar con seguridad el sistema entre lugares de rodaje y guardarlo ordenadamente cuando no lo utilices. El dise\u00f1o impermeable protege la funda y [&hellip;]<\/p>\n","protected":false},"featured_media":0,"comment_status":"closed","ping_status":"closed","template":"","meta":[],"product_cat":[2718,2720],"product_tag":[],"acf":[],"gallery_images":[1563760],"_links":{"self":[{"href":"https:\/\/eu.tilta.com\/es\/wp-json\/wp\/v2\/product\/2007170"}],"collection":[{"href":"https:\/\/eu.tilta.com\/es\/wp-json\/wp\/v2\/product"}],"about":[{"href":"https:\/\/eu.tilta.com\/es\/wp-json\/wp\/v2\/types\/product"}],"replies":[{"embeddable":true,"href":"https:\/\/eu.tilta.com\/es\/wp-json\/wp\/v2\/comments?post=2007170"}],"wp:attachment":[{"href":"https:\/\/eu.tilta.com\/es\/wp-json\/wp\/v2\/media?parent=2007170"}],"wp:term":[{"taxonomy":"product_cat","embeddable":true,"href":"https:\/\/eu.tilta.com\/es\/wp-json\/wp\/v2\/product_cat?post=2007170"},{"taxonomy":"product_tag","embeddable":true,"href":"https:\/\/eu.tilta.com\/es\/wp-json\/wp\/v2\/product_tag?post=2007170"}],"curies":[{"name":"wp","href":"https:\/\/api.w.org\/{rel}","templated":true}]}}