{"id":2007179,"date":"2021-04-06T11:21:48","date_gmt":"2021-04-06T09:21:48","guid":{"rendered":"https:\/\/de.tilta.com\/shop\/kit-de-placa-de-bateria-tilta-mini-v-mount-i\/"},"modified":"2026-05-07T15:21:49","modified_gmt":"2026-05-07T13:21:49","slug":"tiltaing-mini-v-mount-battery-plate-kit-i","status":"publish","type":"product","link":"https:\/\/eu.tilta.com\/es\/shop\/tiltaing-mini-v-mount-battery-plate-kit-i\/","title":{"rendered":"Kit de placa de bater\u00eda Tilta Mini V-Mount I"},"content":{"rendered":"<p>Esta placa de bater\u00eda con montura en V es una soluci\u00f3n ligera para montar bater\u00edas de tama\u00f1o normal o micro con montura en V en tu sistema de c\u00e1mara sin a\u00f1adir el peso adicional que tradicionalmente se asocia a las placas de bater\u00eda m\u00e1s grandes.<\/p>\n<p>Esto hace que la mini placa de bater\u00eda de montura en V sea una opci\u00f3n perfecta para alimentar accesorios mediante bater\u00edas de montura en V de mayor capacidad, sin dejar de ser lo suficientemente ligera como para mantenerse dentro del l\u00edmite de peso de la mayor\u00eda de los cardanes.<\/p>\n<p>El tama\u00f1o de esta placa tambi\u00e9n la convierte en una gran elecci\u00f3n para cuando necesites montar una bater\u00eda con montura en V en un cuerpo de c\u00e1mara m\u00e1s peque\u00f1o sin a\u00f1adir volumen innecesario.<\/p>\n<p>Las opciones de montaje de esta placa te permiten montar una placa de bater\u00eda de montaje en V de diversas formas, ya sea mediante el adaptador de varilla de 15 mm incluido o mediante cualquiera de las roscas de 1\/4&#8243;-20, M4 o M3,5.<\/p>\n<p>Tambi\u00e9n ofrecemos un adaptador opcional de anillo de card\u00e1n que te permite sujetar esta placa a cualquier anillo de card\u00e1n de 25 mm o 30 mm.<\/p>\n<p>El adaptador de varilla LWS de 15 mm incluido te permite montar tu placa de bater\u00eda de montaje en V mini y\/o de bolsillo en cualquier sistema de varilla LWS de 15 mm, lo que te permite acoplar c\u00f3modamente una bater\u00eda de montaje en V a tu configuraci\u00f3n.<\/p>\n<p>** Nota: \u00c9sta es s\u00f3lo una soluci\u00f3n de montaje para una bater\u00eda V-Mount; no se incluyen puertos de alimentaci\u00f3n en la propia placa.<\/p>\n","protected":false},"excerpt":{"rendered":"<p>Esta placa de bater\u00eda con montura en V es una soluci\u00f3n ligera para montar bater\u00edas de tama\u00f1o normal o micro con montura en V en tu sistema de c\u00e1mara sin a\u00f1adir el peso adicional que tradicionalmente se asocia a las [&hellip;]<\/p>\n","protected":false},"featured_media":0,"comment_status":"closed","ping_status":"closed","template":"","meta":[],"product_cat":[3031,2922],"product_tag":[],"acf":[],"gallery_images":[1172344,1172346],"_links":{"self":[{"href":"https:\/\/eu.tilta.com\/es\/wp-json\/wp\/v2\/product\/2007179"}],"collection":[{"href":"https:\/\/eu.tilta.com\/es\/wp-json\/wp\/v2\/product"}],"about":[{"href":"https:\/\/eu.tilta.com\/es\/wp-json\/wp\/v2\/types\/product"}],"replies":[{"embeddable":true,"href":"https:\/\/eu.tilta.com\/es\/wp-json\/wp\/v2\/comments?post=2007179"}],"wp:attachment":[{"href":"https:\/\/eu.tilta.com\/es\/wp-json\/wp\/v2\/media?parent=2007179"}],"wp:term":[{"taxonomy":"product_cat","embeddable":true,"href":"https:\/\/eu.tilta.com\/es\/wp-json\/wp\/v2\/product_cat?post=2007179"},{"taxonomy":"product_tag","embeddable":true,"href":"https:\/\/eu.tilta.com\/es\/wp-json\/wp\/v2\/product_tag?post=2007179"}],"curies":[{"name":"wp","href":"https:\/\/api.w.org\/{rel}","templated":true}]}}