{"id":2007185,"date":"2021-04-15T11:19:23","date_gmt":"2021-04-15T09:19:23","guid":{"rendered":"https:\/\/de.tilta.com\/shop\/placa-de-bateria-hydra-alien-v-mount\/"},"modified":"2025-12-05T13:41:01","modified_gmt":"2025-12-05T12:41:01","slug":"hydra-alien-v-mount-battery-plate","status":"publish","type":"product","link":"https:\/\/eu.tilta.com\/es\/shop\/hydra-alien-v-mount-battery-plate\/","title":{"rendered":"Placa de bater\u00eda Hydra Alien V-Mount"},"content":{"rendered":"<p>Esta placa de bater\u00eda de montaje en V se acopla directamente al soporte de placa de bater\u00eda doble para Hydra Alien.<\/p>\n<p>Esto te permite alimentar tu card\u00e1n con bater\u00edas V-Mount de mayor capacidad mientras est\u00e1 montado en la Hydra Alien.<\/p>\n<p>Esta Placa de Bater\u00eda dispone de varias salidas de alimentaci\u00f3n P-Tap y 12V\/8V CC.<\/p>\n","protected":false},"excerpt":{"rendered":"<p>Esta placa de bater\u00eda de montaje en V se acopla directamente al soporte de placa de bater\u00eda doble para Hydra Alien. Esto te permite alimentar tu card\u00e1n con bater\u00edas V-Mount de mayor capacidad mientras est\u00e1 montado en la Hydra Alien. [&hellip;]<\/p>\n","protected":false},"featured_media":0,"comment_status":"closed","ping_status":"closed","template":"","meta":[],"product_cat":[2718,2720,2722],"product_tag":[],"acf":[],"gallery_images":[1211363],"_links":{"self":[{"href":"https:\/\/eu.tilta.com\/es\/wp-json\/wp\/v2\/product\/2007185"}],"collection":[{"href":"https:\/\/eu.tilta.com\/es\/wp-json\/wp\/v2\/product"}],"about":[{"href":"https:\/\/eu.tilta.com\/es\/wp-json\/wp\/v2\/types\/product"}],"replies":[{"embeddable":true,"href":"https:\/\/eu.tilta.com\/es\/wp-json\/wp\/v2\/comments?post=2007185"}],"wp:attachment":[{"href":"https:\/\/eu.tilta.com\/es\/wp-json\/wp\/v2\/media?parent=2007185"}],"wp:term":[{"taxonomy":"product_cat","embeddable":true,"href":"https:\/\/eu.tilta.com\/es\/wp-json\/wp\/v2\/product_cat?post=2007185"},{"taxonomy":"product_tag","embeddable":true,"href":"https:\/\/eu.tilta.com\/es\/wp-json\/wp\/v2\/product_tag?post=2007185"}],"curies":[{"name":"wp","href":"https:\/\/api.w.org\/{rel}","templated":true}]}}