{"id":2007189,"date":"2021-04-15T11:08:49","date_gmt":"2021-04-15T09:08:49","guid":{"rendered":"https:\/\/de.tilta.com\/shop\/placa-de-bateria-hydra-alien-gold-mount\/"},"modified":"2025-12-05T13:41:03","modified_gmt":"2025-12-05T12:41:03","slug":"hydra-alien-gold-mount-battery-plate","status":"publish","type":"product","link":"https:\/\/eu.tilta.com\/es\/shop\/hydra-alien-gold-mount-battery-plate\/","title":{"rendered":"Placa de bater\u00eda Hydra Alien Gold Mount"},"content":{"rendered":"<p>Esta placa de bater\u00eda de montaje dorado se acopla directamente al soporte de placa de bater\u00eda doble para Hydra Alien.<\/p>\n<p>Esto te permite alimentar tu card\u00e1n con bater\u00edas Gold Mount de mayor capacidad mientras est\u00e1 montado en la Hydra Alien.<\/p>\n<p>Esta Placa de Bater\u00eda dispone de varias salidas de alimentaci\u00f3n P-Tap, USB y 12V\/8V CC.<\/p>\n","protected":false},"excerpt":{"rendered":"<p>Esta placa de bater\u00eda de montaje dorado se acopla directamente al soporte de placa de bater\u00eda doble para Hydra Alien. Esto te permite alimentar tu card\u00e1n con bater\u00edas Gold Mount de mayor capacidad mientras est\u00e1 montado en la Hydra Alien. [&hellip;]<\/p>\n","protected":false},"featured_media":0,"comment_status":"closed","ping_status":"closed","template":"","meta":[],"product_cat":[2718,2720,2722],"product_tag":[],"acf":[],"gallery_images":[1211270],"_links":{"self":[{"href":"https:\/\/eu.tilta.com\/es\/wp-json\/wp\/v2\/product\/2007189"}],"collection":[{"href":"https:\/\/eu.tilta.com\/es\/wp-json\/wp\/v2\/product"}],"about":[{"href":"https:\/\/eu.tilta.com\/es\/wp-json\/wp\/v2\/types\/product"}],"replies":[{"embeddable":true,"href":"https:\/\/eu.tilta.com\/es\/wp-json\/wp\/v2\/comments?post=2007189"}],"wp:attachment":[{"href":"https:\/\/eu.tilta.com\/es\/wp-json\/wp\/v2\/media?parent=2007189"}],"wp:term":[{"taxonomy":"product_cat","embeddable":true,"href":"https:\/\/eu.tilta.com\/es\/wp-json\/wp\/v2\/product_cat?post=2007189"},{"taxonomy":"product_tag","embeddable":true,"href":"https:\/\/eu.tilta.com\/es\/wp-json\/wp\/v2\/product_tag?post=2007189"}],"curies":[{"name":"wp","href":"https:\/\/api.w.org\/{rel}","templated":true}]}}