{"id":2007190,"date":"2021-03-29T14:48:20","date_gmt":"2021-03-29T12:48:20","guid":{"rendered":"https:\/\/de.tilta.com\/shop\/tilta-sony-a7c-kit-b\/"},"modified":"2025-12-05T13:41:03","modified_gmt":"2025-12-05T12:41:03","slug":"tiltaing-sony-a7c-kit-b","status":"publish","type":"product","link":"https:\/\/eu.tilta.com\/es\/shop\/tiltaing-sony-a7c-kit-b\/","title":{"rendered":"Tilta Sony a7C Kit B"},"content":{"rendered":"<p><span style=\"font-weight: 400\">Esta jaula para c\u00e1mara proporciona un blindaje protector completo para la c\u00e1mara Sony a7C.  <\/span><\/p>\n<p><span style=\"font-weight: 400\">Proporciona varios puntos de montaje de 1\/4&#8243;-20, dos puntos de montaje de zapata fr\u00eda, as\u00ed como un puerto de fijaci\u00f3n de ca\u00f1a que admite nuestros portaca\u00f1as individuales.  <\/span><\/p>\n<p><span style=\"font-weight: 400\">Esto te permite fijar f\u00e1cilmente una varilla de 15 mm a tu jaula.  <\/span><\/p>\n<p><span style=\"font-weight: 400\">La base de la jaula tambi\u00e9n proporciona varios puntos de montaje cuando sujetas tu c\u00e1mara a cardanes para afinar m\u00e1s f\u00e1cilmente el equilibrio de tu configuraci\u00f3n.<\/span><\/p>\n<p><span style=\"font-weight: 400\">En la parte inferior de la jaula se pueden fijar distintas placas base mediante roscas de \u00bc&#8221;-20, lo que permite diversas configuraciones de montaje de barras y fuentes de alimentaci\u00f3n opcionales.  <\/span><\/p>\n<p><span style=\"font-weight: 400\">La jaula tambi\u00e9n admite de forma nativa nuestra placa base LWS de 15 mm y la placa de liberaci\u00f3n r\u00e1pida Manfrotto incluida te permite montar f\u00e1cilmente esta jaula en cualquier receptor Manfrotto.  <\/span><\/p>\n<p><span style=\"font-weight: 400\">El asa de madera del lado izquierdo incluida se puede acoplar a la jaula para proporcionar diferentes formas de manejar c\u00f3modamente la configuraci\u00f3n de tu c\u00e1mara.<\/span><\/p>\n","protected":false},"excerpt":{"rendered":"<p>Esta jaula para c\u00e1mara proporciona un blindaje protector completo para la c\u00e1mara Sony a7C. Proporciona varios puntos de montaje de 1\/4&#8243;-20, dos puntos de montaje de zapata fr\u00eda, as\u00ed como un puerto de fijaci\u00f3n de ca\u00f1a que admite nuestros portaca\u00f1as [&hellip;]<\/p>\n","protected":false},"featured_media":0,"comment_status":"closed","ping_status":"closed","template":"","meta":[],"product_cat":[2828],"product_tag":[],"acf":[],"gallery_images":[1118134,1118148],"_links":{"self":[{"href":"https:\/\/eu.tilta.com\/es\/wp-json\/wp\/v2\/product\/2007190"}],"collection":[{"href":"https:\/\/eu.tilta.com\/es\/wp-json\/wp\/v2\/product"}],"about":[{"href":"https:\/\/eu.tilta.com\/es\/wp-json\/wp\/v2\/types\/product"}],"replies":[{"embeddable":true,"href":"https:\/\/eu.tilta.com\/es\/wp-json\/wp\/v2\/comments?post=2007190"}],"wp:attachment":[{"href":"https:\/\/eu.tilta.com\/es\/wp-json\/wp\/v2\/media?parent=2007190"}],"wp:term":[{"taxonomy":"product_cat","embeddable":true,"href":"https:\/\/eu.tilta.com\/es\/wp-json\/wp\/v2\/product_cat?post=2007190"},{"taxonomy":"product_tag","embeddable":true,"href":"https:\/\/eu.tilta.com\/es\/wp-json\/wp\/v2\/product_tag?post=2007190"}],"curies":[{"name":"wp","href":"https:\/\/api.w.org\/{rel}","templated":true}]}}