{"id":2007193,"date":"2021-03-22T16:17:18","date_gmt":"2021-03-22T15:17:18","guid":{"rendered":"https:\/\/de.tilta.com\/shop\/soporte-de-montaje-de-video-inalambrico-para-sony-fx6\/"},"modified":"2025-12-05T13:41:05","modified_gmt":"2025-12-05T12:41:05","slug":"wireless-video-mounting-bracket-for-sony-fx6","status":"publish","type":"product","link":"https:\/\/eu.tilta.com\/es\/shop\/wireless-video-mounting-bracket-for-sony-fx6\/","title":{"rendered":"Soporte de montaje de v\u00eddeo inal\u00e1mbrico para Sony FX6"},"content":{"rendered":"<p>Este soporte de montaje de v\u00eddeo inal\u00e1mbrico te permite montar varios transmisores de v\u00eddeo inal\u00e1mbricos mediante un soporte roscado de 90 grados 1\/4\u2033-20.<\/p>\n<p>Esto permite un montaje limpio y c\u00f3modo de los transmisores de v\u00eddeo inal\u00e1mbricos y otros accesorios similares.<\/p>\n","protected":false},"excerpt":{"rendered":"<p>Este soporte de montaje de v\u00eddeo inal\u00e1mbrico te permite montar varios transmisores de v\u00eddeo inal\u00e1mbricos mediante un soporte roscado de 90 grados 1\/4\u2033-20. Esto permite un montaje limpio y c\u00f3modo de los transmisores de v\u00eddeo inal\u00e1mbricos y otros accesorios similares.<\/p>\n","protected":false},"featured_media":0,"comment_status":"closed","ping_status":"closed","template":"","meta":[],"product_cat":[3230,2750,2733,2975,2904],"product_tag":[],"acf":[],"gallery_images":[1058522,1058523],"_links":{"self":[{"href":"https:\/\/eu.tilta.com\/es\/wp-json\/wp\/v2\/product\/2007193"}],"collection":[{"href":"https:\/\/eu.tilta.com\/es\/wp-json\/wp\/v2\/product"}],"about":[{"href":"https:\/\/eu.tilta.com\/es\/wp-json\/wp\/v2\/types\/product"}],"replies":[{"embeddable":true,"href":"https:\/\/eu.tilta.com\/es\/wp-json\/wp\/v2\/comments?post=2007193"}],"wp:attachment":[{"href":"https:\/\/eu.tilta.com\/es\/wp-json\/wp\/v2\/media?parent=2007193"}],"wp:term":[{"taxonomy":"product_cat","embeddable":true,"href":"https:\/\/eu.tilta.com\/es\/wp-json\/wp\/v2\/product_cat?post=2007193"},{"taxonomy":"product_tag","embeddable":true,"href":"https:\/\/eu.tilta.com\/es\/wp-json\/wp\/v2\/product_tag?post=2007193"}],"curies":[{"name":"wp","href":"https:\/\/api.w.org\/{rel}","templated":true}]}}