{"id":2007194,"date":"2021-02-19T14:16:32","date_gmt":"2021-02-19T13:16:32","guid":{"rendered":"https:\/\/de.tilta.com\/shop\/placa-de-bateria-de-montaje-en-v-del-sistema-de-flotacion-tilta\/"},"modified":"2025-12-05T13:41:05","modified_gmt":"2025-12-05T12:41:05","slug":"tilta-float-system-v-mount-battery-plate","status":"publish","type":"product","link":"https:\/\/eu.tilta.com\/es\/shop\/tilta-float-system-v-mount-battery-plate\/","title":{"rendered":"Placa de bater\u00eda de montaje en V del sistema de flotaci\u00f3n Tilta"},"content":{"rendered":"<p>Esta placa de bater\u00eda de montaje en V se acopla a la base del poste del sistema de flotaci\u00f3n Tilta para proporcionar energ\u00eda a tu configuraci\u00f3n de card\u00e1n. Se le pueden acoplar dos placas de bater\u00eda de montaje en V (una a cada lado) y se fija al poste mediante una conexi\u00f3n de ra\u00edl OTAN muy sencilla.<\/p>\n<p>*La placa en s\u00ed no tiene salidas de potencia*<\/p>\n<p>&nbsp;<\/p>\n","protected":false},"excerpt":{"rendered":"<p>Esta placa de bater\u00eda de montaje en V se acopla a la base del poste del sistema de flotaci\u00f3n Tilta para proporcionar energ\u00eda a tu configuraci\u00f3n de card\u00e1n. Se le pueden acoplar dos placas de bater\u00eda de montaje en V [&hellip;]<\/p>\n","protected":false},"featured_media":0,"comment_status":"closed","ping_status":"closed","template":"","meta":[],"product_cat":[2763,2764],"product_tag":[],"acf":[],"gallery_images":[1909304],"_links":{"self":[{"href":"https:\/\/eu.tilta.com\/es\/wp-json\/wp\/v2\/product\/2007194"}],"collection":[{"href":"https:\/\/eu.tilta.com\/es\/wp-json\/wp\/v2\/product"}],"about":[{"href":"https:\/\/eu.tilta.com\/es\/wp-json\/wp\/v2\/types\/product"}],"replies":[{"embeddable":true,"href":"https:\/\/eu.tilta.com\/es\/wp-json\/wp\/v2\/comments?post=2007194"}],"wp:attachment":[{"href":"https:\/\/eu.tilta.com\/es\/wp-json\/wp\/v2\/media?parent=2007194"}],"wp:term":[{"taxonomy":"product_cat","embeddable":true,"href":"https:\/\/eu.tilta.com\/es\/wp-json\/wp\/v2\/product_cat?post=2007194"},{"taxonomy":"product_tag","embeddable":true,"href":"https:\/\/eu.tilta.com\/es\/wp-json\/wp\/v2\/product_tag?post=2007194"}],"curies":[{"name":"wp","href":"https:\/\/api.w.org\/{rel}","templated":true}]}}