{"id":2007197,"date":"2021-02-11T10:58:38","date_gmt":"2021-02-11T09:58:38","guid":{"rendered":"https:\/\/de.tilta.com\/shop\/asa-lateral-tilta-advanced-tipo-v\/"},"modified":"2026-03-24T00:40:43","modified_gmt":"2026-03-23T23:40:43","slug":"tiltaing-advanced-side-handle-attachment-type-v","status":"publish","type":"product","link":"https:\/\/eu.tilta.com\/es\/shop\/tiltaing-advanced-side-handle-attachment-type-v\/","title":{"rendered":"Asa lateral Tilta Advanced Tipo V"},"content":{"rendered":"<p>Este accesorio de empu\u00f1adura lateral te permite ajustar el \u00e1ngulo y la longitud de tu empu\u00f1adura lateral avanzada o de tu empu\u00f1adura de madera basculante para lograr la m\u00e1xima comodidad de manejo.<\/p>\n<p>Incorpora una conexi\u00f3n de roseta Tilta que puede montarse directamente en muchas de nuestras jaulas Tiltaing o en cualquier otra conexi\u00f3n de roseta.<\/p>\n<p class=\"p1\"><b>NOTA: Esta empu\u00f1adura incorpora una roseta est\u00e1ndar Tilta que es compatible con algunas rosetas ARRI, pero no con todas.<\/b><\/p>\n","protected":false},"excerpt":{"rendered":"<p>Este accesorio de empu\u00f1adura lateral te permite ajustar el \u00e1ngulo y la longitud de tu empu\u00f1adura lateral avanzada o de tu empu\u00f1adura de madera basculante para lograr la m\u00e1xima comodidad de manejo. Incorpora una conexi\u00f3n de roseta Tilta que puede [&hellip;]<\/p>\n","protected":false},"featured_media":0,"comment_status":"closed","ping_status":"closed","template":"","meta":[],"product_cat":[3007,2943],"product_tag":[],"acf":[],"gallery_images":[892248,892251,892254],"_links":{"self":[{"href":"https:\/\/eu.tilta.com\/es\/wp-json\/wp\/v2\/product\/2007197"}],"collection":[{"href":"https:\/\/eu.tilta.com\/es\/wp-json\/wp\/v2\/product"}],"about":[{"href":"https:\/\/eu.tilta.com\/es\/wp-json\/wp\/v2\/types\/product"}],"replies":[{"embeddable":true,"href":"https:\/\/eu.tilta.com\/es\/wp-json\/wp\/v2\/comments?post=2007197"}],"wp:attachment":[{"href":"https:\/\/eu.tilta.com\/es\/wp-json\/wp\/v2\/media?parent=2007197"}],"wp:term":[{"taxonomy":"product_cat","embeddable":true,"href":"https:\/\/eu.tilta.com\/es\/wp-json\/wp\/v2\/product_cat?post=2007197"},{"taxonomy":"product_tag","embeddable":true,"href":"https:\/\/eu.tilta.com\/es\/wp-json\/wp\/v2\/product_tag?post=2007197"}],"curies":[{"name":"wp","href":"https:\/\/api.w.org\/{rel}","templated":true}]}}