{"id":2007198,"date":"2021-03-22T15:08:38","date_gmt":"2021-03-22T14:08:38","guid":{"rendered":"https:\/\/de.tilta.com\/shop\/placa-de-bateria-para-sony-fx6-tipo-ii\/"},"modified":"2026-01-08T14:44:39","modified_gmt":"2026-01-08T13:44:39","slug":"battery-plate-for-sony-fx6-type-ii","status":"publish","type":"product","link":"https:\/\/eu.tilta.com\/es\/shop\/battery-plate-for-sony-fx6-type-ii\/","title":{"rendered":"Placa de bater\u00eda para Sony FX6 Tipo II"},"content":{"rendered":"<p>Esta Placa de Bater\u00eda se puede montar en la Placa Superior Multiusos mediante las varillas de 15 mm adjuntas.<\/p>\n<p>Esto te permite utilizar bater\u00edas Gold o V-Mount de mayor capacidad para alimentar la configuraci\u00f3n de tu c\u00e1mara, reduciendo al m\u00ednimo los cambios de bater\u00eda.<\/p>\n<p>Esta placa de bater\u00eda tambi\u00e9n te permite ajustar su posici\u00f3n para equilibrar mejor la c\u00e1mara sobre tu hombro.<\/p>\n<p>*Ten en cuenta que la placa de la bater\u00eda debe conectarse a trav\u00e9s del puerto de CC del FX6 para suministrar energ\u00eda*.<\/p>\n","protected":false},"excerpt":{"rendered":"<p>Esta Placa de Bater\u00eda se puede montar en la Placa Superior Multiusos mediante las varillas de 15 mm adjuntas. Esto te permite utilizar bater\u00edas Gold o V-Mount de mayor capacidad para alimentar la configuraci\u00f3n de tu c\u00e1mara, reduciendo al m\u00ednimo [&hellip;]<\/p>\n","protected":false},"featured_media":0,"comment_status":"closed","ping_status":"closed","template":"","meta":[],"product_cat":[2733,2868],"product_tag":[],"acf":[],"gallery_images":[1058126,1058129,1058135],"_links":{"self":[{"href":"https:\/\/eu.tilta.com\/es\/wp-json\/wp\/v2\/product\/2007198"}],"collection":[{"href":"https:\/\/eu.tilta.com\/es\/wp-json\/wp\/v2\/product"}],"about":[{"href":"https:\/\/eu.tilta.com\/es\/wp-json\/wp\/v2\/types\/product"}],"replies":[{"embeddable":true,"href":"https:\/\/eu.tilta.com\/es\/wp-json\/wp\/v2\/comments?post=2007198"}],"wp:attachment":[{"href":"https:\/\/eu.tilta.com\/es\/wp-json\/wp\/v2\/media?parent=2007198"}],"wp:term":[{"taxonomy":"product_cat","embeddable":true,"href":"https:\/\/eu.tilta.com\/es\/wp-json\/wp\/v2\/product_cat?post=2007198"},{"taxonomy":"product_tag","embeddable":true,"href":"https:\/\/eu.tilta.com\/es\/wp-json\/wp\/v2\/product_tag?post=2007198"}],"curies":[{"name":"wp","href":"https:\/\/api.w.org\/{rel}","templated":true}]}}