{"id":2007199,"date":"2021-03-22T16:03:04","date_gmt":"2021-03-22T15:03:04","guid":{"rendered":"https:\/\/de.tilta.com\/shop\/asa-superior-para-sony-fx6\/"},"modified":"2026-05-07T15:21:13","modified_gmt":"2026-05-07T13:21:13","slug":"top-handle-for-sony-fx6","status":"publish","type":"product","link":"https:\/\/eu.tilta.com\/es\/shop\/top-handle-for-sony-fx6\/","title":{"rendered":"Asa superior para Sony FX6"},"content":{"rendered":"<p>Esta empu\u00f1adura superior para la Sony FX6 sustituye a la empu\u00f1adura superior original de la Fx6 y se puede ajustar hacia delante y hacia atr\u00e1s para equilibrarla. Esta empu\u00f1adura tambi\u00e9n incluye una montura para el soporte del monitor LCD de la FX6 y una montura de varilla de 15 mm para un EVF.<\/p>\n","protected":false},"excerpt":{"rendered":"<p>Esta empu\u00f1adura superior para la Sony FX6 sustituye a la empu\u00f1adura superior original de la Fx6 y se puede ajustar hacia delante y hacia atr\u00e1s para equilibrarla. Esta empu\u00f1adura tambi\u00e9n incluye una montura para el soporte del monitor LCD de [&hellip;]<\/p>\n","protected":false},"featured_media":0,"comment_status":"closed","ping_status":"closed","template":"","meta":[],"product_cat":[2733],"product_tag":[],"acf":[],"gallery_images":[1058427],"_links":{"self":[{"href":"https:\/\/eu.tilta.com\/es\/wp-json\/wp\/v2\/product\/2007199"}],"collection":[{"href":"https:\/\/eu.tilta.com\/es\/wp-json\/wp\/v2\/product"}],"about":[{"href":"https:\/\/eu.tilta.com\/es\/wp-json\/wp\/v2\/types\/product"}],"replies":[{"embeddable":true,"href":"https:\/\/eu.tilta.com\/es\/wp-json\/wp\/v2\/comments?post=2007199"}],"wp:attachment":[{"href":"https:\/\/eu.tilta.com\/es\/wp-json\/wp\/v2\/media?parent=2007199"}],"wp:term":[{"taxonomy":"product_cat","embeddable":true,"href":"https:\/\/eu.tilta.com\/es\/wp-json\/wp\/v2\/product_cat?post=2007199"},{"taxonomy":"product_tag","embeddable":true,"href":"https:\/\/eu.tilta.com\/es\/wp-json\/wp\/v2\/product_tag?post=2007199"}],"curies":[{"name":"wp","href":"https:\/\/api.w.org\/{rel}","templated":true}]}}