{"id":2007206,"date":"2021-03-22T15:54:04","date_gmt":"2021-03-22T14:54:04","guid":{"rendered":"https:\/\/de.tilta.com\/shop\/soporte-de-varilla-simple-de-15-mm-para-sony-fx6-par\/"},"modified":"2025-12-05T13:41:12","modified_gmt":"2025-12-05T12:41:12","slug":"15mm-single-rod-holder-for-sony-fx6-pair","status":"publish","type":"product","link":"https:\/\/eu.tilta.com\/es\/shop\/15mm-single-rod-holder-for-sony-fx6-pair\/","title":{"rendered":"Soporte de varilla simple de 15 mm para Sony FX6 (par)"},"content":{"rendered":"<p>Este par de Soportes de varilla \u00fanica de 15 mm se monta en la Placa superior multifunci\u00f3n para Sony FX6 y te permite montar accesorios desde arriba, delante o detr\u00e1s del cuerpo de la c\u00e1mara.<\/p>\n","protected":false},"excerpt":{"rendered":"<p>Este par de Soportes de varilla \u00fanica de 15 mm se monta en la Placa superior multifunci\u00f3n para Sony FX6 y te permite montar accesorios desde arriba, delante o detr\u00e1s del cuerpo de la c\u00e1mara.<\/p>\n","protected":false},"featured_media":0,"comment_status":"closed","ping_status":"closed","template":"","meta":[],"product_cat":[2733],"product_tag":[],"acf":[],"gallery_images":[1058360],"_links":{"self":[{"href":"https:\/\/eu.tilta.com\/es\/wp-json\/wp\/v2\/product\/2007206"}],"collection":[{"href":"https:\/\/eu.tilta.com\/es\/wp-json\/wp\/v2\/product"}],"about":[{"href":"https:\/\/eu.tilta.com\/es\/wp-json\/wp\/v2\/types\/product"}],"replies":[{"embeddable":true,"href":"https:\/\/eu.tilta.com\/es\/wp-json\/wp\/v2\/comments?post=2007206"}],"wp:attachment":[{"href":"https:\/\/eu.tilta.com\/es\/wp-json\/wp\/v2\/media?parent=2007206"}],"wp:term":[{"taxonomy":"product_cat","embeddable":true,"href":"https:\/\/eu.tilta.com\/es\/wp-json\/wp\/v2\/product_cat?post=2007206"},{"taxonomy":"product_tag","embeddable":true,"href":"https:\/\/eu.tilta.com\/es\/wp-json\/wp\/v2\/product_tag?post=2007206"}],"curies":[{"name":"wp","href":"https:\/\/api.w.org\/{rel}","templated":true}]}}