{"id":2007209,"date":"2021-03-19T10:33:43","date_gmt":"2021-03-19T09:33:43","guid":{"rendered":"https:\/\/de.tilta.com\/shop\/jaula-de-camara-para-kit-de-montaje-vertical-sony-fx6\/"},"modified":"2026-05-07T15:21:33","modified_gmt":"2026-05-07T13:21:33","slug":"camera-cage-for-sony-fx6-vertical-mounting-kit","status":"publish","type":"product","link":"https:\/\/eu.tilta.com\/es\/shop\/camera-cage-for-sony-fx6-vertical-mounting-kit\/","title":{"rendered":"Jaula de c\u00e1mara para kit de montaje vertical Sony FX6"},"content":{"rendered":"<p>Arma tu c\u00e1mara con el kit de montaje vertical Tilta Camera Cage para Sony FX6<\/p>\n<p>La Placa superior multifuncional para Sony FX6 se ajusta perfectamente al asa superior original de la FX6 y soporta nuestro Asa superior opcional para FX6, que se puede ajustar para equilibrarla e incluye un soporte de monitor para el Soporte de monitor LCD de la FX6.<\/p>\n<p>La Placa Superior tambi\u00e9n incluye dos adaptadores de varilla LWS de 15 mm que te permiten montar f\u00e1cilmente accesorios mediante varillas de 15 mm por encima de tu objetivo.<\/p>\n<p>El asa superior ajustable puede girar 180 grados para satisfacer tus necesidades de tiro vertical. La empu\u00f1adura tambi\u00e9n se puede ajustar hacia delante y hacia atr\u00e1s en cualquier posici\u00f3n para ayudarte a encontrar el centro de gravedad de tu c\u00e1mara.<\/p>\n<p>La placa base de liberaci\u00f3n r\u00e1pida para la Sony FX6 te permite acoplar diversos accesorios mediante varillas LWS de 15 mm en la parte delantera o trasera de la placa base.<\/p>\n<p>Las rosetas Arri dobles permiten montar accesorios adicionales, como brazos extendidos o empu\u00f1aduras para disparar a pulso.<\/p>\n<p>La placa base se conecta de forma nativa a nuestras colas de milano Tilta Standard y se puede adaptar a Arri Standard mediante nuestra placa base multifunci\u00f3n Tilta Standard a Arri Standard.<\/p>\n<p>Tambi\u00e9n se incluye un soporte integrado para el adaptador del objetivo en la parte frontal de la placa.<\/p>\n<p>El Brazo lateral para Sony FX6 ofrece a\u00fan m\u00e1s protecci\u00f3n y proporciona varios puntos de montaje de 1\/4\u2033-20 y 3\/8\u2033-16 con roscas para varios pasadores de fijaci\u00f3n que te permiten montar una gran variedad de accesorios.<\/p>\n<p>El brazo lateral tambi\u00e9n incluye un espacio reservado para 3 pegatinas de \u00edndice de c\u00e1mara reutilizables para un etiquetado profesional y claro de la posici\u00f3n de tu c\u00e1mara en entornos multic\u00e1mara.<\/p>\n<p>La Placa de montaje vertical incorpora una zapata fr\u00eda y roscas de 1\/4&#8243;-20 y 3\/8&#8243;-16 para montar transmisores de v\u00eddeo inal\u00e1mbricos, monitores de a bordo, micr\u00f3fonos externos y otros accesorios mientras grabas en vertical.<\/p>\n<p>El Soporte de montaje de v\u00eddeo inal\u00e1mbrico para Sony FX6 te permite montar varios transmisores de v\u00eddeo inal\u00e1mbricos mediante un soporte roscado de 90 grados 1\/4&#8243;-20. Esto permite un montaje limpio y c\u00f3modo de los transmisores de v\u00eddeo inal\u00e1mbricos y otros accesorios similares.<\/p>\n<p>La Placa de bater\u00eda para Sony FX6 con montura en V tipo I se monta y bloquea r\u00e1pidamente en el compartimento de la bater\u00eda de la Sony FX6 y se puede asegurar a\u00fan m\u00e1s mediante una conexi\u00f3n a la Placa superior multifuncional.<\/p>\n<p>La placa de la bater\u00eda tiene 2 puertos P-Tap de 14,8 V, 1 puerto Lemo de 2 patillas de 14,8 V y 1 puerto USB de 5 V.<\/p>\n<p>*Ten en cuenta que la placa de la bater\u00eda debe conectarse a trav\u00e9s del puerto de CC del FX6 para suministrar energ\u00eda*.<\/p>\n<p><strong>ADVERTENCIA: Es posible que haya que retirar la roseta de montaje de la placa base para dejar m\u00e1s espacio libre para la empu\u00f1adura lateral Sony FX6.  <\/strong><\/p>\n<p><strong>Ten cuidado al girar la empu\u00f1adura para no ara\u00f1arla contra la jaula y retira el soporte de la roseta si es necesario.  <\/strong><\/p>\n","protected":false},"excerpt":{"rendered":"<p>Arma tu c\u00e1mara con el kit de montaje vertical Tilta Camera Cage para Sony FX6 La Placa superior multifuncional para Sony FX6 se ajusta perfectamente al asa superior original de la FX6 y soporta nuestro Asa superior opcional para FX6, [&hellip;]<\/p>\n","protected":false},"featured_media":0,"comment_status":"closed","ping_status":"closed","template":"","meta":[],"product_cat":[2733],"product_tag":[],"acf":[],"gallery_images":[1047722,1047723],"_links":{"self":[{"href":"https:\/\/eu.tilta.com\/es\/wp-json\/wp\/v2\/product\/2007209"}],"collection":[{"href":"https:\/\/eu.tilta.com\/es\/wp-json\/wp\/v2\/product"}],"about":[{"href":"https:\/\/eu.tilta.com\/es\/wp-json\/wp\/v2\/types\/product"}],"replies":[{"embeddable":true,"href":"https:\/\/eu.tilta.com\/es\/wp-json\/wp\/v2\/comments?post=2007209"}],"wp:attachment":[{"href":"https:\/\/eu.tilta.com\/es\/wp-json\/wp\/v2\/media?parent=2007209"}],"wp:term":[{"taxonomy":"product_cat","embeddable":true,"href":"https:\/\/eu.tilta.com\/es\/wp-json\/wp\/v2\/product_cat?post=2007209"},{"taxonomy":"product_tag","embeddable":true,"href":"https:\/\/eu.tilta.com\/es\/wp-json\/wp\/v2\/product_tag?post=2007209"}],"curies":[{"name":"wp","href":"https:\/\/api.w.org\/{rel}","templated":true}]}}