{"id":2007217,"date":"2021-03-19T10:13:42","date_gmt":"2021-03-19T09:13:42","guid":{"rendered":"https:\/\/de.tilta.com\/shop\/jaula-de-camara-para-el-kit-basico-sony-fx6-sin-placa-de-bateria\/"},"modified":"2025-12-05T13:41:51","modified_gmt":"2025-12-05T12:41:51","slug":"camera-cage-for-sony-fx6-basic-kit-without-battery-plate","status":"publish","type":"product","link":"https:\/\/eu.tilta.com\/es\/shop\/camera-cage-for-sony-fx6-basic-kit-without-battery-plate\/","title":{"rendered":"Jaula de c\u00e1mara para el kit b\u00e1sico Sony FX6 (sin placa de bater\u00eda)"},"content":{"rendered":"<p>Arma tu c\u00e1mara con la Jaula Tilta para C\u00e1mara Sony FX6 Kit B\u00e1sico.<\/p>\n<p>La Placa superior multifuncional para Sony FX6 se ajusta perfectamente al asa superior original de la FX6 y soporta nuestro Asa superior opcional para FX6, que se puede ajustar para equilibrarla e incluye un soporte de monitor para el Soporte de monitor LCD de la FX6.<\/p>\n<p>La Placa Superior tambi\u00e9n incluye dos adaptadores de varilla LWS de 15 mm que te permiten montar f\u00e1cilmente accesorios mediante varillas de 15 mm por encima de tu objetivo.<\/p>\n<p>La placa base de liberaci\u00f3n r\u00e1pida para Sony FX6 tambi\u00e9n te permite acoplar diversos accesorios mediante varillas LWS de 15 mm en la parte delantera o trasera de la placa base.<\/p>\n<p>Las rosetas Arri dobles permiten montar accesorios adicionales, como brazos extendidos o empu\u00f1aduras para disparar a pulso.<\/p>\n<p>La placa base se conecta de forma nativa a nuestras colas de milano Tilta Standard y se puede adaptar a Arri Standard mediante nuestra placa base multifunci\u00f3n Tilta Standard a Arri Standard.<\/p>\n<p>Tambi\u00e9n se incluye un soporte integrado para el adaptador del objetivo en la parte frontal de la placa.<\/p>\n<p>El Brazo lateral para Sony FX6 ofrece a\u00fan m\u00e1s protecci\u00f3n y proporciona varios puntos de montaje de 1\/4\u2033-20 y 3\/8\u2033-16 con roscas para varios pasadores de fijaci\u00f3n que te permiten montar una gran variedad de accesorios.<\/p>\n<p>El brazo lateral tambi\u00e9n incluye un espacio reservado para 3 pegatinas de \u00edndice de c\u00e1mara reutilizables para un etiquetado profesional y claro de la posici\u00f3n de tu c\u00e1mara en entornos multic\u00e1mara.<\/p>\n<p><strong>ADVERTENCIA: Es posible que haya que retirar la roseta de montaje de la placa base para dejar m\u00e1s espacio libre para la empu\u00f1adura lateral Sony FX6.  <\/strong><\/p>\n<p><strong>Ten cuidado al girar la empu\u00f1adura para no ara\u00f1arla contra la jaula y retira el soporte de la roseta si es necesario.  <\/strong><\/p>\n","protected":false},"excerpt":{"rendered":"<p>Arma tu c\u00e1mara con la Jaula Tilta para C\u00e1mara Sony FX6 Kit B\u00e1sico. La Placa superior multifuncional para Sony FX6 se ajusta perfectamente al asa superior original de la FX6 y soporta nuestro Asa superior opcional para FX6, que se [&hellip;]<\/p>\n","protected":false},"featured_media":0,"comment_status":"closed","ping_status":"closed","template":"","meta":[],"product_cat":[2733],"product_tag":[],"acf":[],"gallery_images":[1047750,1047755],"_links":{"self":[{"href":"https:\/\/eu.tilta.com\/es\/wp-json\/wp\/v2\/product\/2007217"}],"collection":[{"href":"https:\/\/eu.tilta.com\/es\/wp-json\/wp\/v2\/product"}],"about":[{"href":"https:\/\/eu.tilta.com\/es\/wp-json\/wp\/v2\/types\/product"}],"replies":[{"embeddable":true,"href":"https:\/\/eu.tilta.com\/es\/wp-json\/wp\/v2\/comments?post=2007217"}],"wp:attachment":[{"href":"https:\/\/eu.tilta.com\/es\/wp-json\/wp\/v2\/media?parent=2007217"}],"wp:term":[{"taxonomy":"product_cat","embeddable":true,"href":"https:\/\/eu.tilta.com\/es\/wp-json\/wp\/v2\/product_cat?post=2007217"},{"taxonomy":"product_tag","embeddable":true,"href":"https:\/\/eu.tilta.com\/es\/wp-json\/wp\/v2\/product_tag?post=2007217"}],"curies":[{"name":"wp","href":"https:\/\/api.w.org\/{rel}","templated":true}]}}