{"id":2007218,"date":"2021-02-09T17:54:48","date_gmt":"2021-02-09T16:54:48","guid":{"rendered":"https:\/\/de.tilta.com\/shop\/soporte-para-monitor-hydra-alien\/"},"modified":"2025-12-05T13:41:52","modified_gmt":"2025-12-05T12:41:52","slug":"hydra-alien-monitor-bracket","status":"publish","type":"product","link":"https:\/\/eu.tilta.com\/es\/shop\/hydra-alien-monitor-bracket\/","title":{"rendered":"Soporte para monitor Hydra Alien"},"content":{"rendered":"<p>El soporte para monitor Hydra Alien te permite monitorizar f\u00e1cilmente tu toma, enfocar tu objetivo y tener un control total sobre tu card\u00e1n RS 2, todo ello en una configuraci\u00f3n ergon\u00f3mica y compacta.<\/p>\n<p>El soporte incluye una montura de ra\u00edl OTAN en el lado izquierdo que admite tanto la unidad de mano Nucleus Nano como la empu\u00f1adura de control del objetivo inal\u00e1mbrica de doble canal para empu\u00f1adura anular avanzada.<\/p>\n<p>La montura Rosette del lado derecho te permite montar el Asidero de control remoto RS 2 o cualquier otro asidero que se conecte mediante Rosette.<\/p>\n<p>La abrazadera del centro te permite montar tu smartphone o monitor peque\u00f1o con una altura de 89 mm o inferior.<\/p>\n<p>Una placa de montaje en V integrada y roscas de 1\/4&#8243;-20 te permiten montar y alimentar cualquier otro accesorio adicional.<\/p>\n","protected":false},"excerpt":{"rendered":"<p>El soporte para monitor Hydra Alien te permite monitorizar f\u00e1cilmente tu toma, enfocar tu objetivo y tener un control total sobre tu card\u00e1n RS 2, todo ello en una configuraci\u00f3n ergon\u00f3mica y compacta. El soporte incluye una montura de ra\u00edl [&hellip;]<\/p>\n","protected":false},"featured_media":0,"comment_status":"closed","ping_status":"closed","template":"","meta":[],"product_cat":[2718,2720,2722,2904,2943],"product_tag":[],"acf":[],"gallery_images":[1070808,979924,979925],"_links":{"self":[{"href":"https:\/\/eu.tilta.com\/es\/wp-json\/wp\/v2\/product\/2007218"}],"collection":[{"href":"https:\/\/eu.tilta.com\/es\/wp-json\/wp\/v2\/product"}],"about":[{"href":"https:\/\/eu.tilta.com\/es\/wp-json\/wp\/v2\/types\/product"}],"replies":[{"embeddable":true,"href":"https:\/\/eu.tilta.com\/es\/wp-json\/wp\/v2\/comments?post=2007218"}],"wp:attachment":[{"href":"https:\/\/eu.tilta.com\/es\/wp-json\/wp\/v2\/media?parent=2007218"}],"wp:term":[{"taxonomy":"product_cat","embeddable":true,"href":"https:\/\/eu.tilta.com\/es\/wp-json\/wp\/v2\/product_cat?post=2007218"},{"taxonomy":"product_tag","embeddable":true,"href":"https:\/\/eu.tilta.com\/es\/wp-json\/wp\/v2\/product_tag?post=2007218"}],"curies":[{"name":"wp","href":"https:\/\/api.w.org\/{rel}","templated":true}]}}