{"id":2007219,"date":"2021-02-11T10:58:04","date_gmt":"2021-02-11T09:58:04","guid":{"rendered":"https:\/\/de.tilta.com\/shop\/fijacion-de-asa-lateral-tilta-advanced-tipo-vi\/"},"modified":"2026-02-16T09:03:17","modified_gmt":"2026-02-16T08:03:17","slug":"tiltaing-advanced-side-handle-attachment-type-vi","status":"publish","type":"product","link":"https:\/\/eu.tilta.com\/es\/shop\/tiltaing-advanced-side-handle-attachment-type-vi\/","title":{"rendered":"Fijaci\u00f3n de asa lateral Tilta Advanced Tipo VI"},"content":{"rendered":"<p>Este accesorio te permite adaptar cualquiera de las empu\u00f1aduras laterales Tiltaing Advanced para utilizarlas en jaulas de c\u00e1mara Tiltaing completas o semicompletas para RED Komodo, Sony a7SIII, Panasonic S5 y Panasonic BGH1.<\/p>\n<p>Este tipo de conexi\u00f3n \u00fanica de ra\u00edl NATO te permite deslizar y bloquear la empu\u00f1adura en los paneles laterales de la jaula de tu c\u00e1mara.<\/p>\n<p>Esto crea una conexi\u00f3n extremadamente s\u00f3lida que tambi\u00e9n es r\u00e1pida de retirar si es necesario.<\/p>\n<p>Esta conexi\u00f3n te permite montar la empu\u00f1adura m\u00e1s lejos del cuerpo de la c\u00e1mara que el Tipo IV.<\/p>\n","protected":false},"excerpt":{"rendered":"<p>Este accesorio te permite adaptar cualquiera de las empu\u00f1aduras laterales Tiltaing Advanced para utilizarlas en jaulas de c\u00e1mara Tiltaing completas o semicompletas para RED Komodo, Sony a7SIII, Panasonic S5 y Panasonic BGH1. Este tipo de conexi\u00f3n \u00fanica de ra\u00edl NATO [&hellip;]<\/p>\n","protected":false},"featured_media":0,"comment_status":"closed","ping_status":"closed","template":"","meta":[],"product_cat":[4448,3007,2943],"product_tag":[],"acf":[],"gallery_images":[892176],"_links":{"self":[{"href":"https:\/\/eu.tilta.com\/es\/wp-json\/wp\/v2\/product\/2007219"}],"collection":[{"href":"https:\/\/eu.tilta.com\/es\/wp-json\/wp\/v2\/product"}],"about":[{"href":"https:\/\/eu.tilta.com\/es\/wp-json\/wp\/v2\/types\/product"}],"replies":[{"embeddable":true,"href":"https:\/\/eu.tilta.com\/es\/wp-json\/wp\/v2\/comments?post=2007219"}],"wp:attachment":[{"href":"https:\/\/eu.tilta.com\/es\/wp-json\/wp\/v2\/media?parent=2007219"}],"wp:term":[{"taxonomy":"product_cat","embeddable":true,"href":"https:\/\/eu.tilta.com\/es\/wp-json\/wp\/v2\/product_cat?post=2007219"},{"taxonomy":"product_tag","embeddable":true,"href":"https:\/\/eu.tilta.com\/es\/wp-json\/wp\/v2\/product_tag?post=2007219"}],"curies":[{"name":"wp","href":"https:\/\/api.w.org\/{rel}","templated":true}]}}