{"id":2007220,"date":"2021-02-04T10:34:46","date_gmt":"2021-02-04T09:34:46","guid":{"rendered":"https:\/\/de.tilta.com\/shop\/kit-de-mando-a-distancia-para-dji-ronin\/"},"modified":"2025-12-05T13:41:54","modified_gmt":"2025-12-05T12:41:54","slug":"remote-control-kit-for-dji-ronin","status":"publish","type":"product","link":"https:\/\/eu.tilta.com\/es\/shop\/remote-control-kit-for-dji-ronin\/","title":{"rendered":"Kit de mando a distancia para DJI Ronin"},"content":{"rendered":"<p>Este kit de control remoto te permite controlar los ajustes del card\u00e1n de tu DJI RS2 o RS3\/4 Pro, as\u00ed como las funciones de grabaci\u00f3n y fotograf\u00eda de tu c\u00e1mara, mediante una conexi\u00f3n por cable o inal\u00e1mbrica.<\/p>\n<p>Tambi\u00e9n incluye un thumbstick que te permite controlar el giro y la inclinaci\u00f3n de tu card\u00e1n para conseguir la m\u00e1xima precisi\u00f3n mientras lo manejas.<\/p>\n<p>La placa base de la fuente de alimentaci\u00f3n suministra energ\u00eda a la RS2 o RS3\/4 Pro mediante pilas doradas o de montura en V y un cable de alimentaci\u00f3n de P-Tap a 2 patillas incluido. Las roscas 1\/4\u2033-20 y 3\/8\u2033-16 de la parte inferior de la placa base te permiten montar el card\u00e1n en muchos sistemas diferentes, incluido el Hydra Alien.<\/p>\n<p>El M\u00f3dulo Receptor Inal\u00e1mbrico permite que el Asa controle el RS2 o el RS3\/4 Pro hasta 80 metros de distancia, y la roseta de la base del Asa te permite fijarlo a varias conexiones de roseta, incluido el Soporte para Monitor Extraterrestre Hydra opcional.<\/p>\n<p>*El mando a distancia necesita una pila Sony F570\/550 para funcionar, que no est\u00e1 incluida*.<\/p>\n<p><strong>RS3\/RS3 Pro: La Tecla M NO es capaz de imitar la funci\u00f3n del card\u00e1n. La Tecla M de esta unidad S\u00d3LO puede cambiar la configuraci\u00f3n del Modo.<\/strong><\/p>\n<p>&nbsp;<\/p>\n","protected":false},"excerpt":{"rendered":"<p>Este kit de control remoto te permite controlar los ajustes del card\u00e1n de tu DJI RS2 o RS3\/4 Pro, as\u00ed como las funciones de grabaci\u00f3n y fotograf\u00eda de tu c\u00e1mara, mediante una conexi\u00f3n por cable o inal\u00e1mbrica. Tambi\u00e9n incluye un [&hellip;]<\/p>\n","protected":false},"featured_media":0,"comment_status":"closed","ping_status":"closed","template":"","meta":[],"product_cat":[2718,3010,2720,2722],"product_tag":[],"acf":[],"gallery_images":[1062733],"_links":{"self":[{"href":"https:\/\/eu.tilta.com\/es\/wp-json\/wp\/v2\/product\/2007220"}],"collection":[{"href":"https:\/\/eu.tilta.com\/es\/wp-json\/wp\/v2\/product"}],"about":[{"href":"https:\/\/eu.tilta.com\/es\/wp-json\/wp\/v2\/types\/product"}],"replies":[{"embeddable":true,"href":"https:\/\/eu.tilta.com\/es\/wp-json\/wp\/v2\/comments?post=2007220"}],"wp:attachment":[{"href":"https:\/\/eu.tilta.com\/es\/wp-json\/wp\/v2\/media?parent=2007220"}],"wp:term":[{"taxonomy":"product_cat","embeddable":true,"href":"https:\/\/eu.tilta.com\/es\/wp-json\/wp\/v2\/product_cat?post=2007220"},{"taxonomy":"product_tag","embeddable":true,"href":"https:\/\/eu.tilta.com\/es\/wp-json\/wp\/v2\/product_tag?post=2007220"}],"curies":[{"name":"wp","href":"https:\/\/api.w.org\/{rel}","templated":true}]}}