{"id":2007240,"date":"2021-02-09T20:56:53","date_gmt":"2021-02-09T19:56:53","guid":{"rendered":"https:\/\/de.tilta.com\/shop\/mando-de-enfoque-lateral-tilta-cable-de-marcha-parada\/"},"modified":"2026-04-30T10:01:15","modified_gmt":"2026-04-30T08:01:15","slug":"side-focus-handle-run-stop-cable-for-2-5mm-lanc-port","status":"publish","type":"product","link":"https:\/\/eu.tilta.com\/es\/shop\/side-focus-handle-run-stop-cable-for-2-5mm-lanc-port\/","title":{"rendered":"Mando de enfoque lateral Tilta Cable de marcha\/parada"},"content":{"rendered":"<p>Este cable te ofrece la posibilidad de correr\/parar cuando utilizas el Asa de Enfoque Lateral Tiltaing para c\u00e1maras que utilizan un puerto LANC de 2,5 mm. S\u00f3lo tienes que conectar el cable del Asa de Enfoque Lateral al puerto LANC de tu c\u00e1mara para controlar el inicio\/parada de grabaci\u00f3n con s\u00f3lo pulsar un bot\u00f3n.<\/p>\n<p>Para Sony FS5, Sony FS7, Blackmagic URSA, Blackmagic URSA Mini Pro G1\/G2, Panasonic EVA1, Z CAM, Sony FX9<\/p>\n","protected":false},"excerpt":{"rendered":"<p>Este cable te ofrece la posibilidad de correr\/parar cuando utilizas el Asa de Enfoque Lateral Tiltaing para c\u00e1maras que utilizan un puerto LANC de 2,5 mm. S\u00f3lo tienes que conectar el cable del Asa de Enfoque Lateral al puerto LANC [&hellip;]<\/p>\n","protected":false},"featured_media":0,"comment_status":"closed","ping_status":"closed","template":"","meta":[],"product_cat":[2776],"product_tag":[],"acf":[],"gallery_images":[891745],"_links":{"self":[{"href":"https:\/\/eu.tilta.com\/es\/wp-json\/wp\/v2\/product\/2007240"}],"collection":[{"href":"https:\/\/eu.tilta.com\/es\/wp-json\/wp\/v2\/product"}],"about":[{"href":"https:\/\/eu.tilta.com\/es\/wp-json\/wp\/v2\/types\/product"}],"replies":[{"embeddable":true,"href":"https:\/\/eu.tilta.com\/es\/wp-json\/wp\/v2\/comments?post=2007240"}],"wp:attachment":[{"href":"https:\/\/eu.tilta.com\/es\/wp-json\/wp\/v2\/media?parent=2007240"}],"wp:term":[{"taxonomy":"product_cat","embeddable":true,"href":"https:\/\/eu.tilta.com\/es\/wp-json\/wp\/v2\/product_cat?post=2007240"},{"taxonomy":"product_tag","embeddable":true,"href":"https:\/\/eu.tilta.com\/es\/wp-json\/wp\/v2\/product_tag?post=2007240"}],"curies":[{"name":"wp","href":"https:\/\/api.w.org\/{rel}","templated":true}]}}