{"id":2007243,"date":"2021-02-10T11:52:15","date_gmt":"2021-02-10T10:52:15","guid":{"rendered":"https:\/\/de.tilta.com\/shop\/placa-extensible-de-liberacion-rapida-manfrotto\/"},"modified":"2025-12-05T13:42:00","modified_gmt":"2025-12-05T12:42:00","slug":"manfrotto-quick-release-extender-plate","status":"publish","type":"product","link":"https:\/\/eu.tilta.com\/es\/shop\/manfrotto-quick-release-extender-plate\/","title":{"rendered":"Placa extensible de liberaci\u00f3n r\u00e1pida Manfrotto"},"content":{"rendered":"<p>Esta placa de liberaci\u00f3n r\u00e1pida ampl\u00eda la longitud de una placa de liberaci\u00f3n r\u00e1pida Manfrotto normal para permitirte equilibrar mejor tu c\u00e1mara de atr\u00e1s hacia delante en tu card\u00e1n.<\/p>\n<p>Una ranura perpendicular te permite montar la c\u00e1mara verticalmente en el card\u00e1n para realizar encuadres verticales.<\/p>\n<p>Compatible con DJI RS2, RSC2, RS3\/3 Pro y RS4\/4 Pro<\/p>\n<p>*Sustituye la placa Manfrotto del Ronin*<\/p>\n<p>&nbsp;<\/p>\n","protected":false},"excerpt":{"rendered":"<p>Esta placa de liberaci\u00f3n r\u00e1pida ampl\u00eda la longitud de una placa de liberaci\u00f3n r\u00e1pida Manfrotto normal para permitirte equilibrar mejor tu c\u00e1mara de atr\u00e1s hacia delante en tu card\u00e1n. Una ranura perpendicular te permite montar la c\u00e1mara verticalmente en el [&hellip;]<\/p>\n","protected":false},"featured_media":0,"comment_status":"closed","ping_status":"closed","template":"","meta":[],"product_cat":[3010],"product_tag":[],"acf":[],"gallery_images":[1069204],"_links":{"self":[{"href":"https:\/\/eu.tilta.com\/es\/wp-json\/wp\/v2\/product\/2007243"}],"collection":[{"href":"https:\/\/eu.tilta.com\/es\/wp-json\/wp\/v2\/product"}],"about":[{"href":"https:\/\/eu.tilta.com\/es\/wp-json\/wp\/v2\/types\/product"}],"replies":[{"embeddable":true,"href":"https:\/\/eu.tilta.com\/es\/wp-json\/wp\/v2\/comments?post=2007243"}],"wp:attachment":[{"href":"https:\/\/eu.tilta.com\/es\/wp-json\/wp\/v2\/media?parent=2007243"}],"wp:term":[{"taxonomy":"product_cat","embeddable":true,"href":"https:\/\/eu.tilta.com\/es\/wp-json\/wp\/v2\/product_cat?post=2007243"},{"taxonomy":"product_tag","embeddable":true,"href":"https:\/\/eu.tilta.com\/es\/wp-json\/wp\/v2\/product_tag?post=2007243"}],"curies":[{"name":"wp","href":"https:\/\/api.w.org\/{rel}","templated":true}]}}