{"id":2007249,"date":"2021-02-04T09:43:05","date_gmt":"2021-02-04T08:43:05","guid":{"rendered":"https:\/\/de.tilta.com\/shop\/soporte-de-contrapeso-para-bateria-tilta-float-system-rs-2\/"},"modified":"2025-12-05T13:42:40","modified_gmt":"2025-12-05T12:42:40","slug":"tilta-float-system-rs-battery-counterweight-bracket","status":"publish","type":"product","link":"https:\/\/eu.tilta.com\/es\/shop\/tilta-float-system-rs-battery-counterweight-bracket\/","title":{"rendered":"Soporte de contrapeso para bater\u00eda Tilta Float System RS 2"},"content":{"rendered":"<p>Este Soporte de Contrapeso de Bater\u00eda RS es una opci\u00f3n ligera para alimentar y equilibrar el Sistema Flotador mediante el Asa de Bater\u00eda del RS 2.<\/p>\n<p>S\u00f3lo tienes que montar la empu\u00f1adura de la bater\u00eda del mismo modo que lo har\u00edas al conectarla al cuerpo del card\u00e1n para fijar la empu\u00f1adura al soporte.<\/p>\n<p>El Soporte se fija a la base del poste del Sistema Flotador mediante una conexi\u00f3n de ra\u00edl OTAN.<\/p>\n<p>A continuaci\u00f3n, puedes pasar la alimentaci\u00f3n del soporte al Flotador mediante el cable de alimentaci\u00f3n de 2 patillas Lemo a 2 patillas Lemo incluido.<\/p>\n<p>Este kit tambi\u00e9n incluye 6 contrapesos apilables de 220 g que se conectan mediante las roscas 1\/4&#8243;-20 del soporte.<\/p>\n<p>Esto te permite ajustar con precisi\u00f3n el equilibrio de tu configuraci\u00f3n y es la opci\u00f3n perfecta para equilibrar el Flotador cuando se utilizan cuerpos de c\u00e1mara m\u00e1s peque\u00f1os, como las DSLR.<\/p>\n<p><strong>NOTA: Se conecta directamente a la parte inferior del poste del flotador y no est\u00e1 dise\u00f1ado espec\u00edficamente para conectarse a otras placas de bater\u00eda.<\/strong><\/p>\n<p><b>Este soporte puede seguir fij\u00e1ndose a las placas de la bater\u00eda mediante una abrazadera Nato adicional (no incluida), pero no ser\u00e1 tan eficaz cuando se utilice con un peso mayor.<\/b><\/p>\n","protected":false},"excerpt":{"rendered":"<p>Este Soporte de Contrapeso de Bater\u00eda RS es una opci\u00f3n ligera para alimentar y equilibrar el Sistema Flotador mediante el Asa de Bater\u00eda del RS 2. S\u00f3lo tienes que montar la empu\u00f1adura de la bater\u00eda del mismo modo que lo [&hellip;]<\/p>\n","protected":false},"featured_media":0,"comment_status":"closed","ping_status":"closed","template":"","meta":[],"product_cat":[2763,2764,3025],"product_tag":[],"acf":[],"gallery_images":[1065043,1065055],"_links":{"self":[{"href":"https:\/\/eu.tilta.com\/es\/wp-json\/wp\/v2\/product\/2007249"}],"collection":[{"href":"https:\/\/eu.tilta.com\/es\/wp-json\/wp\/v2\/product"}],"about":[{"href":"https:\/\/eu.tilta.com\/es\/wp-json\/wp\/v2\/types\/product"}],"replies":[{"embeddable":true,"href":"https:\/\/eu.tilta.com\/es\/wp-json\/wp\/v2\/comments?post=2007249"}],"wp:attachment":[{"href":"https:\/\/eu.tilta.com\/es\/wp-json\/wp\/v2\/media?parent=2007249"}],"wp:term":[{"taxonomy":"product_cat","embeddable":true,"href":"https:\/\/eu.tilta.com\/es\/wp-json\/wp\/v2\/product_cat?post=2007249"},{"taxonomy":"product_tag","embeddable":true,"href":"https:\/\/eu.tilta.com\/es\/wp-json\/wp\/v2\/product_tag?post=2007249"}],"curies":[{"name":"wp","href":"https:\/\/api.w.org\/{rel}","templated":true}]}}