{"id":2007252,"date":"2021-02-04T09:39:20","date_gmt":"2021-02-04T08:39:20","guid":{"rendered":"https:\/\/de.tilta.com\/shop\/placa-de-bateria-tilta-float-system-ronin-2-tb50\/"},"modified":"2026-03-17T08:33:30","modified_gmt":"2026-03-17T07:33:30","slug":"tilta-float-system-ronin-2-tb50-battery-plate","status":"publish","type":"product","link":"https:\/\/eu.tilta.com\/es\/shop\/tilta-float-system-ronin-2-tb50-battery-plate\/","title":{"rendered":"Placa de bater\u00eda Tilta Float System Ronin 2 TB50"},"content":{"rendered":"<p>Esta placa de montaje se utiliza junto con el soporte de bater\u00eda TB50 del Ronin 2 para fijar dos bater\u00edas TB50 a la parte inferior del poste del Sistema Flotador.<\/p>\n<p>Esto te permite suministrar alimentaci\u00f3n externa a tu card\u00e1n con dos pilas TB50, a la vez que proporciona algo de contrapeso al extremo inferior del poste para cuando intentes equilibrarlo con el peso de tu configuraci\u00f3n card\u00e1n\/c\u00e1mara.<\/p>\n<p>*Requiere el soporte de bater\u00eda TB50 del Ronin 2*.<\/p>\n","protected":false},"excerpt":{"rendered":"<p>Esta placa de montaje se utiliza junto con el soporte de bater\u00eda TB50 del Ronin 2 para fijar dos bater\u00edas TB50 a la parte inferior del poste del Sistema Flotador. Esto te permite suministrar alimentaci\u00f3n externa a tu card\u00e1n con [&hellip;]<\/p>\n","protected":false},"featured_media":0,"comment_status":"closed","ping_status":"closed","template":"","meta":[],"product_cat":[2763,2764],"product_tag":[],"acf":[],"gallery_images":[979803],"_links":{"self":[{"href":"https:\/\/eu.tilta.com\/es\/wp-json\/wp\/v2\/product\/2007252"}],"collection":[{"href":"https:\/\/eu.tilta.com\/es\/wp-json\/wp\/v2\/product"}],"about":[{"href":"https:\/\/eu.tilta.com\/es\/wp-json\/wp\/v2\/types\/product"}],"replies":[{"embeddable":true,"href":"https:\/\/eu.tilta.com\/es\/wp-json\/wp\/v2\/comments?post=2007252"}],"wp:attachment":[{"href":"https:\/\/eu.tilta.com\/es\/wp-json\/wp\/v2\/media?parent=2007252"}],"wp:term":[{"taxonomy":"product_cat","embeddable":true,"href":"https:\/\/eu.tilta.com\/es\/wp-json\/wp\/v2\/product_cat?post=2007252"},{"taxonomy":"product_tag","embeddable":true,"href":"https:\/\/eu.tilta.com\/es\/wp-json\/wp\/v2\/product_tag?post=2007252"}],"curies":[{"name":"wp","href":"https:\/\/api.w.org\/{rel}","templated":true}]}}