{"id":2007254,"date":"2021-02-04T09:34:14","date_gmt":"2021-02-04T08:34:14","guid":{"rendered":"https:\/\/de.tilta.com\/shop\/placa-de-bateria-de-montaje-dorado-del-sistema-de-flotacion-tilta\/"},"modified":"2025-12-05T13:42:41","modified_gmt":"2025-12-05T12:42:41","slug":"tilta-float-system-gold-mount-battery-plate","status":"publish","type":"product","link":"https:\/\/eu.tilta.com\/es\/shop\/tilta-float-system-gold-mount-battery-plate\/","title":{"rendered":"Placa de bater\u00eda de montaje dorado del sistema de flotaci\u00f3n Tilta"},"content":{"rendered":"<p>Esta placa de bater\u00eda se acopla a la parte inferior del poste del Sistema Flotador para permitirte suministrar alimentaci\u00f3n externa a tu card\u00e1n con dos bater\u00edas de montura dorada, al tiempo que proporciona algo de contrapeso al extremo inferior del poste para cuando intentes equilibrar el peso de tu configuraci\u00f3n card\u00e1n\/c\u00e1mara.<\/p>\n<p>*La placa en s\u00ed no tiene salidas de potencia*<\/p>\n","protected":false},"excerpt":{"rendered":"<p>Esta placa de bater\u00eda se acopla a la parte inferior del poste del Sistema Flotador para permitirte suministrar alimentaci\u00f3n externa a tu card\u00e1n con dos bater\u00edas de montura dorada, al tiempo que proporciona algo de contrapeso al extremo inferior del [&hellip;]<\/p>\n","protected":false},"featured_media":0,"comment_status":"closed","ping_status":"closed","template":"","meta":[],"product_cat":[2763,2764],"product_tag":[],"acf":[],"gallery_images":[1064440],"_links":{"self":[{"href":"https:\/\/eu.tilta.com\/es\/wp-json\/wp\/v2\/product\/2007254"}],"collection":[{"href":"https:\/\/eu.tilta.com\/es\/wp-json\/wp\/v2\/product"}],"about":[{"href":"https:\/\/eu.tilta.com\/es\/wp-json\/wp\/v2\/types\/product"}],"replies":[{"embeddable":true,"href":"https:\/\/eu.tilta.com\/es\/wp-json\/wp\/v2\/comments?post=2007254"}],"wp:attachment":[{"href":"https:\/\/eu.tilta.com\/es\/wp-json\/wp\/v2\/media?parent=2007254"}],"wp:term":[{"taxonomy":"product_cat","embeddable":true,"href":"https:\/\/eu.tilta.com\/es\/wp-json\/wp\/v2\/product_cat?post=2007254"},{"taxonomy":"product_tag","embeddable":true,"href":"https:\/\/eu.tilta.com\/es\/wp-json\/wp\/v2\/product_tag?post=2007254"}],"curies":[{"name":"wp","href":"https:\/\/api.w.org\/{rel}","templated":true}]}}