{"id":2007261,"date":"2021-02-04T09:28:36","date_gmt":"2021-02-04T08:28:36","guid":{"rendered":"https:\/\/de.tilta.com\/shop\/soporte-de-contrapeso-inferior-con-sistema-de-flotacion-tilta\/"},"modified":"2025-12-05T13:42:41","modified_gmt":"2025-12-05T12:42:41","slug":"tilta-float-system-bottom-counterweight-bracket","status":"publish","type":"product","link":"https:\/\/eu.tilta.com\/es\/shop\/tilta-float-system-bottom-counterweight-bracket\/","title":{"rendered":"Soporte de contrapeso inferior con sistema de flotaci\u00f3n Tilta"},"content":{"rendered":"<p>Este Soporte de Contrapeso funciona como opci\u00f3n para conseguir un mejor equilibrio din\u00e1mico y tambi\u00e9n es una opci\u00f3n ligera para equilibrar el Sistema Flotador sin bater\u00edas Gold o V-Mount.<\/p>\n<p>El Soporte se fija a la base del poste del Sistema Flotador mediante una conexi\u00f3n de ra\u00edl OTAN y tambi\u00e9n se puede montar en la parte inferior de una Placa de Bater\u00eda Gold\/V-Mount mediante una Abrazadera OTAN<strong>(no incluida<\/strong>).<\/p>\n<p>Este kit incluye 6 contrapesos apilables de 220 g que se conectan mediante las roscas 1\/4\u2033-20 del soporte, lo que te permite ajustar con precisi\u00f3n el equilibrio de tu configuraci\u00f3n.<\/p>\n<p>Este soporte de contrapeso es una gran opci\u00f3n para equilibrar din\u00e1micamente el Flotador o cuando se utilizan cuerpos de c\u00e1mara y cardanes m\u00e1s peque\u00f1os que no pueden aprovechar la alimentaci\u00f3n Gold o V-Mount, como los que ya se alimentan mediante una bater\u00eda interna.<\/p>\n","protected":false},"excerpt":{"rendered":"<p>Este Soporte de Contrapeso funciona como opci\u00f3n para conseguir un mejor equilibrio din\u00e1mico y tambi\u00e9n es una opci\u00f3n ligera para equilibrar el Sistema Flotador sin bater\u00edas Gold o V-Mount. El Soporte se fija a la base del poste del Sistema [&hellip;]<\/p>\n","protected":false},"featured_media":0,"comment_status":"closed","ping_status":"closed","template":"","meta":[],"product_cat":[2763,2764,3025],"product_tag":[],"acf":[],"gallery_images":[],"_links":{"self":[{"href":"https:\/\/eu.tilta.com\/es\/wp-json\/wp\/v2\/product\/2007261"}],"collection":[{"href":"https:\/\/eu.tilta.com\/es\/wp-json\/wp\/v2\/product"}],"about":[{"href":"https:\/\/eu.tilta.com\/es\/wp-json\/wp\/v2\/types\/product"}],"replies":[{"embeddable":true,"href":"https:\/\/eu.tilta.com\/es\/wp-json\/wp\/v2\/comments?post=2007261"}],"wp:attachment":[{"href":"https:\/\/eu.tilta.com\/es\/wp-json\/wp\/v2\/media?parent=2007261"}],"wp:term":[{"taxonomy":"product_cat","embeddable":true,"href":"https:\/\/eu.tilta.com\/es\/wp-json\/wp\/v2\/product_cat?post=2007261"},{"taxonomy":"product_tag","embeddable":true,"href":"https:\/\/eu.tilta.com\/es\/wp-json\/wp\/v2\/product_tag?post=2007261"}],"curies":[{"name":"wp","href":"https:\/\/api.w.org\/{rel}","templated":true}]}}