{"id":2007262,"date":"2020-12-22T18:00:00","date_gmt":"2020-12-22T17:00:00","guid":{"rendered":"https:\/\/de.tilta.com\/shop\/kit-de-proteccion-para-rs-2\/"},"modified":"2025-12-17T17:33:20","modified_gmt":"2025-12-17T16:33:20","slug":"protection-kit-for-rs-2","status":"publish","type":"product","link":"https:\/\/eu.tilta.com\/es\/shop\/protection-kit-for-rs-2\/","title":{"rendered":"Kit de protecci\u00f3n para RS 2"},"content":{"rendered":"<p>Este kit proporciona una cubierta protectora adhesiva para tu card\u00e1n DJI RS 2.<\/p>\n<p>Simplemente despega el adhesivo y p\u00e9galo en las zonas designadas del card\u00e1n.<\/p>\n","protected":false},"excerpt":{"rendered":"<p>Este kit proporciona una cubierta protectora adhesiva para tu card\u00e1n DJI RS 2. Simplemente despega el adhesivo y p\u00e9galo en las zonas designadas del card\u00e1n.<\/p>\n","protected":false},"featured_media":0,"comment_status":"closed","ping_status":"closed","template":"","meta":[],"product_cat":[3010,3033],"product_tag":[],"acf":[],"gallery_images":[889050,889052,889054,889056],"_links":{"self":[{"href":"https:\/\/eu.tilta.com\/es\/wp-json\/wp\/v2\/product\/2007262"}],"collection":[{"href":"https:\/\/eu.tilta.com\/es\/wp-json\/wp\/v2\/product"}],"about":[{"href":"https:\/\/eu.tilta.com\/es\/wp-json\/wp\/v2\/types\/product"}],"replies":[{"embeddable":true,"href":"https:\/\/eu.tilta.com\/es\/wp-json\/wp\/v2\/comments?post=2007262"}],"wp:attachment":[{"href":"https:\/\/eu.tilta.com\/es\/wp-json\/wp\/v2\/media?parent=2007262"}],"wp:term":[{"taxonomy":"product_cat","embeddable":true,"href":"https:\/\/eu.tilta.com\/es\/wp-json\/wp\/v2\/product_cat?post=2007262"},{"taxonomy":"product_tag","embeddable":true,"href":"https:\/\/eu.tilta.com\/es\/wp-json\/wp\/v2\/product_tag?post=2007262"}],"curies":[{"name":"wp","href":"https:\/\/api.w.org\/{rel}","templated":true}]}}