{"id":2007268,"date":"2021-01-15T11:45:11","date_gmt":"2021-01-15T10:45:11","guid":{"rendered":"https:\/\/de.tilta.com\/shop\/modulo-receptor-de-control-inalambrico-para-dji-ronin\/"},"modified":"2025-12-05T13:42:42","modified_gmt":"2025-12-05T12:42:42","slug":"wireless-control-receiver-module-for-rs-2","status":"publish","type":"product","link":"https:\/\/eu.tilta.com\/es\/shop\/wireless-control-receiver-module-for-rs-2\/","title":{"rendered":"M\u00f3dulo receptor de control inal\u00e1mbrico para DJI Ronin"},"content":{"rendered":"<p>Este M\u00f3dulo Receptor de Mando a Distancia se empareja con el RS2, RS3 Pro. Mango de control remoto RS4\/4 Pro para empu\u00f1adura anular avanzada, sistema de flotaci\u00f3n y kit de control remoto que te permiten controlar a distancia el card\u00e1n, la c\u00e1mara y el motor de control inal\u00e1mbrico del objetivo DJI.<\/p>\n","protected":false},"excerpt":{"rendered":"<p>Este M\u00f3dulo Receptor de Mando a Distancia se empareja con el RS2, RS3 Pro. Mango de control remoto RS4\/4 Pro para empu\u00f1adura anular avanzada, sistema de flotaci\u00f3n y kit de control remoto que te permiten controlar a distancia el card\u00e1n, [&hellip;]<\/p>\n","protected":false},"featured_media":0,"comment_status":"closed","ping_status":"closed","template":"","meta":[],"product_cat":[2763,2941,2940,2718,3010],"product_tag":[],"acf":[],"gallery_images":[1066321,1025634],"_links":{"self":[{"href":"https:\/\/eu.tilta.com\/es\/wp-json\/wp\/v2\/product\/2007268"}],"collection":[{"href":"https:\/\/eu.tilta.com\/es\/wp-json\/wp\/v2\/product"}],"about":[{"href":"https:\/\/eu.tilta.com\/es\/wp-json\/wp\/v2\/types\/product"}],"replies":[{"embeddable":true,"href":"https:\/\/eu.tilta.com\/es\/wp-json\/wp\/v2\/comments?post=2007268"}],"wp:attachment":[{"href":"https:\/\/eu.tilta.com\/es\/wp-json\/wp\/v2\/media?parent=2007268"}],"wp:term":[{"taxonomy":"product_cat","embeddable":true,"href":"https:\/\/eu.tilta.com\/es\/wp-json\/wp\/v2\/product_cat?post=2007268"},{"taxonomy":"product_tag","embeddable":true,"href":"https:\/\/eu.tilta.com\/es\/wp-json\/wp\/v2\/product_tag?post=2007268"}],"curies":[{"name":"wp","href":"https:\/\/api.w.org\/{rel}","templated":true}]}}