{"id":2007273,"date":"2020-12-21T16:54:22","date_gmt":"2020-12-21T15:54:22","guid":{"rendered":"https:\/\/de.tilta.com\/shop\/placa-de-bateria-de-montaje-en-v-para-soporte-de-fuente-de-alimentacion-de-doble-asa\/"},"modified":"2025-12-05T13:42:43","modified_gmt":"2025-12-05T12:42:43","slug":"v-mount-battery-plate-for-dual-handle-power-supply-bracket","status":"publish","type":"product","link":"https:\/\/eu.tilta.com\/es\/shop\/v-mount-battery-plate-for-dual-handle-power-supply-bracket\/","title":{"rendered":"Placa de bater\u00eda de montaje en V para soporte de fuente de alimentaci\u00f3n de doble asa"},"content":{"rendered":"<p><span style=\"font-weight: 400;\">Esta placa de bater\u00eda de montaje en V se acopla directamente al soporte de alimentaci\u00f3n de doble asa para RS2 y te permite alimentar tu card\u00e1n con bater\u00edas de montaje en V de mayor capacidad sin cables externos.<\/span><\/p>\n<p>*No hay salidas de potencia en la propia placa*.<\/p>\n","protected":false},"excerpt":{"rendered":"<p>Esta placa de bater\u00eda de montaje en V se acopla directamente al soporte de alimentaci\u00f3n de doble asa para RS2 y te permite alimentar tu card\u00e1n con bater\u00edas de montaje en V de mayor capacidad sin cables externos. *No hay [&hellip;]<\/p>\n","protected":false},"featured_media":0,"comment_status":"closed","ping_status":"closed","template":"","meta":[],"product_cat":[3026],"product_tag":[],"acf":[],"gallery_images":[889068],"_links":{"self":[{"href":"https:\/\/eu.tilta.com\/es\/wp-json\/wp\/v2\/product\/2007273"}],"collection":[{"href":"https:\/\/eu.tilta.com\/es\/wp-json\/wp\/v2\/product"}],"about":[{"href":"https:\/\/eu.tilta.com\/es\/wp-json\/wp\/v2\/types\/product"}],"replies":[{"embeddable":true,"href":"https:\/\/eu.tilta.com\/es\/wp-json\/wp\/v2\/comments?post=2007273"}],"wp:attachment":[{"href":"https:\/\/eu.tilta.com\/es\/wp-json\/wp\/v2\/media?parent=2007273"}],"wp:term":[{"taxonomy":"product_cat","embeddable":true,"href":"https:\/\/eu.tilta.com\/es\/wp-json\/wp\/v2\/product_cat?post=2007273"},{"taxonomy":"product_tag","embeddable":true,"href":"https:\/\/eu.tilta.com\/es\/wp-json\/wp\/v2\/product_tag?post=2007273"}],"curies":[{"name":"wp","href":"https:\/\/api.w.org\/{rel}","templated":true}]}}